{"id":8297,"date":"2022-03-21T15:10:51","date_gmt":"2022-03-21T15:10:51","guid":{"rendered":"http:\/\/renoa.be\/fr\/?page_id=8297"},"modified":"2022-03-30T16:31:05","modified_gmt":"2022-03-30T16:31:05","slug":"travaux-de-renovation","status":"publish","type":"page","link":"https:\/\/renoa.be\/fr\/services\/travaux-de-renovation\/","title":{"rendered":"Travaux de renovation"},"content":{"rendered":"<section class=\"l-section wpb_row height_custom\"><div class=\"l-section-h i-cf\"><div class=\"g-cols vc_row via_grid cols_1 laptops-cols_inherit tablets-cols_inherit mobiles-cols_1 valign_top type_default\"><div class=\"wpb_column vc_column_container\"><div class=\"vc_column-inner\"><h1 class=\"w-text us_custom_eb849559\"><span class=\"w-text-h\"><span class=\"w-text-value\">Travaux de r\u00e9novation<\/span><\/span><\/h1><\/div><\/div><\/div><\/div><\/section><section class=\"l-section wpb_row height_custom\"><div class=\"l-section-h i-cf\"><div class=\"g-cols vc_row via_grid cols_1 laptops-cols_inherit tablets-cols_inherit mobiles-cols_1 valign_top type_default\"><div class=\"wpb_column vc_column_container\"><div class=\"vc_column-inner\"><div class=\"wpb_text_column\"><div class=\"wpb_wrapper\"><h2 class=\"elementor-heading-title elementor-size-default\"><img loading=\"lazy\" class=\"alignleft wp-image-8319 size-full\" src=\"https:\/\/renoa.be\/fr\/wp-content\/uploads\/2022\/03\/Brusal-renovation-salle-de-bain-completement-before-and-after.jpg\" alt=\"\" width=\"526\" height=\"530\" srcset=\"https:\/\/renoa.be\/fr\/wp-content\/uploads\/2022\/03\/Brusal-renovation-salle-de-bain-completement-before-and-after.jpg 526w, https:\/\/renoa.be\/fr\/wp-content\/uploads\/2022\/03\/Brusal-renovation-salle-de-bain-completement-before-and-after-298x300.jpg 298w, https:\/\/renoa.be\/fr\/wp-content\/uploads\/2022\/03\/Brusal-renovation-salle-de-bain-completement-before-and-after-150x150.jpg 150w\" sizes=\"(max-width: 526px) 100vw, 526px\" \/><\/h2>\n<p>R\u00e9novation compl\u00e8te de votre logement<\/p>\n<p>Vous venez d\u2019acqu\u00e9rir un logement ancien, ou tout simplement vous souhaitez un changement complet de votre logement actuel ? Un tel projet implique bien \u00e9videmment beaucoup de travaux faisant appel \u00e0 diff\u00e9rents corps d\u2019\u00e9tat et d\u2019expertises.<\/p>\n<p>Renoa est votre partenaire afin de vous accompagner \u00e0 chaque \u00e9tape de votre projet pour ainsi vous permettre de r\u00e9aliser votre r\u00eave. Nous serons votre interlocuteur unique afin de faciliter pour vous la gestion de cet \u00e9v\u00e9nement.<\/p>\n<p>Nous travaillerons ensemble afin d\u2019\u00e9tablir les plans de votre projet en fonction de vos besoins et de vos envies. Puis nous prendrons en charge toute la gestion des travaux, en collaboration avec nos artisans qualifi\u00e9s.<\/p>\n<p>Que ce soit une maison ou un appartement, nous saurons vous accompagner quels que soient vos besoins. Notre \u00e9quipe est \u00e0 votre \u00e9coute pour vous apporter nos conseils et notre expertise dans ce domaine.<\/p>\n<p>Les principales \u00e9tapes de notre intervention pour votre projet :<\/p>\n<ul>\n<li>Prise de rdv afin de nous pr\u00e9senter et que vous nous expliquiez plus pr\u00e9cisement votre projet,<\/li>\n<li>Phase d\u2019\u00e9tude de votre projet incluant la conception, la production de plans et la gestion<br \/>\nadministrative relative \u00e0 vos travaux (demande d\u2019autorisation aupr\u00e8s de la maire). Le tout,<br \/>\n\u00e9tudi\u00e9 en fonction de votre budget,<\/li>\n<li>Une fois toutes les \u00e9tapes d\u2019\u00e9tudes finalis\u00e9es, que les plans et d\u00e9tails de finitions des mobiliers et autres \u00e9l\u00e9ments sont list\u00e9s, nous \u00e9tablirons un devis pr\u00e9cis des travaux.<\/li>\n<li>Apr\u00e8s obtention des autorisations et une fois que les d\u00e9lais l\u00e9gaux seront purg\u00e9s, nous assurons toute la gestion des travaux et le management de nos artisans. Nous assurons le<br \/>\nrespect du planning et du budget.<\/li>\n<li>Pour finir, nous proc\u00e9dons \u00e0 la livraison, c\u2019est-\u00e0-dire que nous passons en revue ensemble<br \/>\ntous les travaux effectu\u00e9s, afin de vous assurer du parfait ach\u00e8vement de ceux-ci.<\/li>\n<\/ul>\n<p>Quel que soit la taille de votre projet, une r\u00e9novation totale de votre maison ou bien une r\u00e9novation partielle de quelques pi\u00e8ces, son importance est la m\u00eame \u00e0 vos yeux.<br \/>\nC\u2019est pourquoi nous attacherons autant d\u2019importance \u00e0 r\u00e9pondre \u00e0 vos questions et \u00e0 vous conseiller pour vous permettre de concr\u00e9tiser votre projet.<\/p>\n<p>Avec Renoa vous aurez la possibilit\u00e9 de concevoir votre projet dans ses moindres d\u00e9tails, jusqu\u2019\u00e0 la fabrication sur mesure de tous mobiliers afin d\u2019adapter parfaitement vos meubles aux sp\u00e9cificit\u00e9s de votre logement.<\/p>\n<\/div><\/div><\/div><\/div><\/div><\/div><\/section><section class=\"l-section wpb_row height_custom\"><div class=\"l-section-h i-cf\"><div class=\"g-cols vc_row via_grid cols_1 laptops-cols_inherit tablets-cols_inherit mobiles-cols_1 valign_top type_default\"><div class=\"wpb_column vc_column_container\"><div class=\"vc_column-inner\"><div class=\"w-hwrapper align_none valign_top\"><div class=\"w-image align_none\"><div class=\"w-image-h\"><img width=\"300\" height=\"300\" src=\"https:\/\/renoa.be\/fr\/wp-content\/uploads\/2022\/02\/b8ae230f-1cbf-4c4a-b965-74e2a3b29759-300x300.jpg\" class=\"attachment-medium size-medium\" alt=\"\" loading=\"lazy\" srcset=\"https:\/\/renoa.be\/fr\/wp-content\/uploads\/2022\/02\/b8ae230f-1cbf-4c4a-b965-74e2a3b29759-300x300.jpg 300w, https:\/\/renoa.be\/fr\/wp-content\/uploads\/2022\/02\/b8ae230f-1cbf-4c4a-b965-74e2a3b29759-1024x1024.jpg 1024w, https:\/\/renoa.be\/fr\/wp-content\/uploads\/2022\/02\/b8ae230f-1cbf-4c4a-b965-74e2a3b29759-150x150.jpg 150w, https:\/\/renoa.be\/fr\/wp-content\/uploads\/2022\/02\/b8ae230f-1cbf-4c4a-b965-74e2a3b29759-1536x1536.jpg 1536w, https:\/\/renoa.be\/fr\/wp-content\/uploads\/2022\/02\/b8ae230f-1cbf-4c4a-b965-74e2a3b29759-400x400.jpg 400w, https:\/\/renoa.be\/fr\/wp-content\/uploads\/2022\/02\/b8ae230f-1cbf-4c4a-b965-74e2a3b29759-500x500.jpg 500w, https:\/\/renoa.be\/fr\/wp-content\/uploads\/2022\/02\/b8ae230f-1cbf-4c4a-b965-74e2a3b29759-800x800.jpg 800w, https:\/\/renoa.be\/fr\/wp-content\/uploads\/2022\/02\/b8ae230f-1cbf-4c4a-b965-74e2a3b29759-1280x1280.jpg 1280w, https:\/\/renoa.be\/fr\/wp-content\/uploads\/2022\/02\/b8ae230f-1cbf-4c4a-b965-74e2a3b29759.jpg 1920w\" sizes=\"(max-width: 300px) 100vw, 300px\" \/><\/div><\/div><div class=\"w-image align_none\"><div class=\"w-image-h\"><img width=\"300\" height=\"300\" src=\"https:\/\/renoa.be\/fr\/wp-content\/uploads\/2015\/04\/IMG_0111-300x300.jpeg\" class=\"attachment-medium size-medium\" alt=\"\" loading=\"lazy\" srcset=\"https:\/\/renoa.be\/fr\/wp-content\/uploads\/2015\/04\/IMG_0111-300x300.jpeg 300w, https:\/\/renoa.be\/fr\/wp-content\/uploads\/2015\/04\/IMG_0111-1024x1020.jpeg 1024w, https:\/\/renoa.be\/fr\/wp-content\/uploads\/2015\/04\/IMG_0111-150x150.jpeg 150w, https:\/\/renoa.be\/fr\/wp-content\/uploads\/2015\/04\/IMG_0111.jpeg 1231w, https:\/\/renoa.be\/fr\/wp-content\/uploads\/2015\/04\/IMG_0111-400x398.jpeg 400w, https:\/\/renoa.be\/fr\/wp-content\/uploads\/2015\/04\/IMG_0111-500x498.jpeg 500w, https:\/\/renoa.be\/fr\/wp-content\/uploads\/2015\/04\/IMG_0111-800x797.jpeg 800w\" sizes=\"(max-width: 300px) 100vw, 300px\" \/><\/div><\/div><div class=\"w-image align_none\"><div class=\"w-image-h\"><img width=\"245\" height=\"300\" src=\"https:\/\/renoa.be\/fr\/wp-content\/uploads\/2022\/03\/D90472F6-7393-42FF-81D4-B621734E9088-245x300.jpg\" class=\"attachment-medium size-medium\" alt=\"\" loading=\"lazy\" srcset=\"https:\/\/renoa.be\/fr\/wp-content\/uploads\/2022\/03\/D90472F6-7393-42FF-81D4-B621734E9088-245x300.jpg 245w, https:\/\/renoa.be\/fr\/wp-content\/uploads\/2022\/03\/D90472F6-7393-42FF-81D4-B621734E9088-838x1024.jpg 838w, https:\/\/renoa.be\/fr\/wp-content\/uploads\/2022\/03\/D90472F6-7393-42FF-81D4-B621734E9088.jpg 891w\" sizes=\"(max-width: 245px) 100vw, 245px\" \/><\/div><\/div><div class=\"w-image align_none\"><div class=\"w-image-h\"><img width=\"300\" height=\"225\" src=\"https:\/\/renoa.be\/fr\/wp-content\/uploads\/2022\/03\/IMG_1990-300x225.jpeg\" class=\"attachment-medium size-medium\" alt=\"\" loading=\"lazy\" srcset=\"https:\/\/renoa.be\/fr\/wp-content\/uploads\/2022\/03\/IMG_1990-300x225.jpeg 300w, https:\/\/renoa.be\/fr\/wp-content\/uploads\/2022\/03\/IMG_1990-1024x768.jpeg 1024w, https:\/\/renoa.be\/fr\/wp-content\/uploads\/2022\/03\/IMG_1990-1536x1152.jpeg 1536w, https:\/\/renoa.be\/fr\/wp-content\/uploads\/2022\/03\/IMG_1990.jpeg 2048w\" sizes=\"(max-width: 300px) 100vw, 300px\" \/><\/div><\/div><\/div><\/div><\/div><\/div><\/div><\/section><section class=\"l-section wpb_row height_medium full_height valign_center color_secondary with_img parallax_ver with_shape\" id=\"contact\"><div class=\"l-section-img\" style=\"background-image: url(https:\/\/renoa.be\/fr\/wp-content\/uploads\/2022\/02\/IMG_0108.jpeg);\" data-img-width=\"2048\" data-img-height=\"1536\"><\/div><div class=\"l-section-overlay\" style=\"background:rgba(0,0,0,0.65)\"><\/div><div class=\"l-section-shape type_triangle pos_bottom\" style=\"color:var(--color-footer-bg)\"><svg xmlns=\"http:\/\/www.w3.org\/2000\/svg\" viewBox=\"0 0 64 8\" preserveAspectRatio=\"none\" width=\"100%\" height=\"100%\">\r\n\t<path fill=\"currentColor\" d=\"M64 8 L0 8 L0 0 L32 7.9 L64 0 Z\"\/>\r\n<\/svg><\/div><div class=\"l-section-h i-cf\"><div class=\"g-cols vc_row via_grid cols_1 laptops-cols_inherit tablets-cols_inherit mobiles-cols_1 valign_top type_default\"><div class=\"wpb_column vc_column_container us_custom_60e9caca us_animate_this\"><div class=\"vc_column-inner\"><div class=\"wpb_text_column\"><div class=\"wpb_wrapper\"><h2 style=\"text-align: center;\"><span class=\"highlight highlight_primary\"><span style=\"color: #ffffff;\">Contactez<\/span> Nous<\/span><\/h2>\n<\/div><\/div><div class=\"w-separator size_medium\"><\/div><div class=\"g-cols wpb_row via_grid cols_2 laptops-cols_inherit tablets-cols_inherit mobiles-cols_1 valign_top type_default\"><div class=\"wpb_column vc_column_container us_custom_60e9caca us_animate_this\"><div class=\"vc_column-inner\"><div class=\"wpb_text_column\"><div class=\"wpb_wrapper\"><h2>Un projet immobilier ?<\/h2>\n<p>Demandez conseil aupr\u00e8s de nos \u00e9quipes.<\/p>\n<\/div><\/div><div class=\"w-separator size_large\"><\/div><div class=\"w-iconbox iconpos_left style_circle color_primary align_left no_text\"><div class=\"w-iconbox-icon\" style=\"font-size:1.2rem;\"><i class=\"far fa-phone\"><\/i><\/div><div class=\"w-iconbox-meta\"><h3 class=\"w-iconbox-title\">FR +32 470 97 88 48<\/h3><\/div><\/div><div class=\"w-separator size_small\"><\/div><div class=\"w-iconbox iconpos_left style_circle color_primary align_left no_text\"><div class=\"w-iconbox-icon\" style=\"font-size:1.2rem;\"><i class=\"far fa-phone\"><\/i><\/div><div class=\"w-iconbox-meta\"><h3 class=\"w-iconbox-title\">NL +32 470 45 53 12<\/h3><\/div><\/div><div class=\"w-separator size_small\"><\/div><div class=\"w-iconbox iconpos_left style_circle color_primary align_left no_text\"><div class=\"w-iconbox-icon\" style=\"font-size:1.2rem;\"><i class=\"far fa-envelope\"><\/i><\/div><div class=\"w-iconbox-meta\"><h3 class=\"w-iconbox-title\">info@renoa.be<\/h3><\/div><\/div><div class=\"w-separator size_small\"><\/div><div class=\"w-iconbox iconpos_left style_circle color_primary align_left no_text\"><div class=\"w-iconbox-icon\" style=\"font-size:1.2rem;\"><i class=\"far fa-gavel\"><\/i><\/div><div class=\"w-iconbox-meta\"><h4 class=\"w-iconbox-title\">BE 0779.355.309<\/h4><\/div><\/div><\/div><\/div><div class=\"wpb_column vc_column_container us_custom_60e9caca us_animate_this\"><div class=\"vc_column-inner\"><form class=\"w-form  layout_ver for_cform us_form_1\" autocomplete=\"off\" action=\"https:\/\/renoa.be\/fr\/fr\/wp-json\/wp\/v2\/pages\/8297\" method=\"post\"><div class=\"w-form-h\"><div class=\"w-form-row for_text with_icon cols_2\">\r\n\t\t<div class=\"w-form-row-field\">\r\n\t\t\t\t<i class=\"far fa-user\"><\/i>\t\t<input aria-label=\"Name\" type=\"text\" name=\"us_form_1_text_1\" value placeholder=\"Name\"\/>\r\n\t\t\t<\/div>\r\n\t\t<div class=\"w-form-row-state\">Fill out this field<\/div>\r\n<\/div>\r\n<div class=\"w-form-row for_text required with_icon cols_2\">\r\n\t\t<div class=\"w-form-row-field\">\r\n\t\t\t\t<i class=\"far fa-at\"><\/i>\t\t<input aria-label=\"Email\" type=\"text\" name=\"us_form_1_text_2\" value placeholder=\"Email *\" data-required=\"true\" aria-required=\"true\"\/>\r\n\t\t\t<\/div>\r\n\t\t<div class=\"w-form-row-state\">Fill out this field<\/div>\r\n<\/div>\r\n<div class=\"w-form-row for_text with_icon\">\r\n\t\t<div class=\"w-form-row-field\">\r\n\t\t\t\t<i class=\"fas fa-phone\"><\/i>\t\t<input aria-label=\"Tel\" type=\"text\" name=\"us_form_1_text_3\" value placeholder=\"Tel\"\/>\r\n\t\t\t<\/div>\r\n\t\t<div class=\"w-form-row-state\">Fill out this field<\/div>\r\n<\/div>\r\n<div class=\"w-form-row for_textarea required with_icon\">\r\n\t\t<div class=\"w-form-row-field\">\r\n\t\t\t\t<i class=\"far fa-pencil\"><\/i>\t\t<textarea aria-label=\"Message\" name=\"us_form_1_textarea_1\" placeholder=\"Message *\" data-required=\"true\" aria-required=\"true\"><\/textarea>\r\n\t\t\t<\/div>\r\n\t\t<div class=\"w-form-row-state\">Fill out this field<\/div>\r\n<\/div>\r\n<input type=\"hidden\" name=\"action\" value=\"us_ajax_cform\" \/>\r\n<input type=\"hidden\" name=\"post_id\" value=\"0\" \/>\r\n<input type=\"hidden\" name=\"form_index\" value=\"1\" \/>\r\n<div class=\"w-form-row for_submit align_none\">\r\n\t<div class=\"w-form-row-field\">\r\n\t\t<button class=\"w-btn  us-btn-style_1\" aria-label=\"Send Message\" type=\"submit\">\r\n\t\t\t<span class=\"g-preloader type_1\"><\/span>\r\n\t\t\t\t\t\t<span class=\"w-btn-label\">Send Message<\/span>\r\n\t\t\t\t\t<\/button>\r\n\t<\/div>\r\n<\/div>\r\n<\/div><div class=\"w-form-message\"><\/div><div class=\"w-form-json hidden\" onclick='return {&quot;ajaxurl&quot;:&quot;https:\\\/\\\/renoa.be\\\/fr\\\/wp-admin\\\/admin-ajax.php&quot;}'><\/div><\/form><\/div><\/div><\/div><\/div><\/div><\/div><\/div><\/section>\n","protected":false},"excerpt":{"rendered":"","protected":false},"author":1,"featured_media":0,"parent":7981,"menu_order":0,"comment_status":"closed","ping_status":"closed","template":"","meta":{"_vp_format_video_url":"","_vp_image_focal_point":[]},"acf":[],"yoast_head":"<!-- This site is optimized with the Yoast SEO plugin v18.5.1 - https:\/\/yoast.com\/wordpress\/plugins\/seo\/ -->\n<title>Travaux de renovation - Renoa Entreprise G&eacute;n&eacute;rale du B&acirc;timent<\/title>\n<meta name=\"robots\" content=\"index, follow, max-snippet:-1, max-image-preview:large, max-video-preview:-1\" \/>\n<link rel=\"canonical\" href=\"https:\/\/renoa.be\/fr\/services\/travaux-de-renovation\/\" \/>\n<meta property=\"og:locale\" content=\"en_US\" \/>\n<meta property=\"og:type\" content=\"article\" \/>\n<meta property=\"og:title\" content=\"Travaux de renovation - Renoa Entreprise G&eacute;n&eacute;rale du B&acirc;timent\" \/>\n<meta property=\"og:url\" content=\"https:\/\/renoa.be\/fr\/services\/travaux-de-renovation\/\" \/>\n<meta property=\"og:site_name\" content=\"Renoa Entreprise G&eacute;n&eacute;rale du B&acirc;timent\" \/>\n<meta property=\"article:modified_time\" content=\"2022-03-30T16:31:05+00:00\" \/>\n<meta property=\"og:image\" content=\"http:\/\/renoa.be\/fr\/wp-content\/uploads\/2022\/03\/Brusal-renovation-salle-de-bain-completement-before-and-after.jpg\" \/>\n<meta name=\"twitter:card\" content=\"summary_large_image\" \/>\n<meta name=\"twitter:label1\" content=\"Est. reading time\" \/>\n\t<meta name=\"twitter:data1\" content=\"5 minutes\" \/>\n<script type=\"application\/ld+json\" class=\"yoast-schema-graph\">{\"@context\":\"https:\/\/schema.org\",\"@graph\":[{\"@type\":\"WebSite\",\"@id\":\"https:\/\/renoa.be\/fr\/#website\",\"url\":\"https:\/\/renoa.be\/fr\/\",\"name\":\"Renoa Entreprise G&eacute;n&eacute;rale du B&acirc;timent\",\"description\":\"Renoa est une entreprise de construction  sp&eacute;cialis&eacute;e dans la construction, la r&eacute;novation  et l'am&eacute;nagement d'immeubles et appartements\",\"potentialAction\":[{\"@type\":\"SearchAction\",\"target\":{\"@type\":\"EntryPoint\",\"urlTemplate\":\"https:\/\/renoa.be\/fr\/?s={search_term_string}\"},\"query-input\":\"required name=search_term_string\"}],\"inLanguage\":\"en\"},{\"@type\":\"ImageObject\",\"@id\":\"https:\/\/renoa.be\/fr\/services\/travaux-de-renovation\/#primaryimage\",\"inLanguage\":\"en\",\"url\":\"http:\/\/renoa.be\/fr\/wp-content\/uploads\/2022\/03\/Brusal-renovation-salle-de-bain-completement-before-and-after.jpg\",\"contentUrl\":\"http:\/\/renoa.be\/fr\/wp-content\/uploads\/2022\/03\/Brusal-renovation-salle-de-bain-completement-before-and-after.jpg\"},{\"@type\":\"WebPage\",\"@id\":\"https:\/\/renoa.be\/fr\/services\/travaux-de-renovation\/#webpage\",\"url\":\"https:\/\/renoa.be\/fr\/services\/travaux-de-renovation\/\",\"name\":\"Travaux de renovation - Renoa Entreprise G&eacute;n&eacute;rale du B&acirc;timent\",\"isPartOf\":{\"@id\":\"https:\/\/renoa.be\/fr\/#website\"},\"primaryImageOfPage\":{\"@id\":\"https:\/\/renoa.be\/fr\/services\/travaux-de-renovation\/#primaryimage\"},\"datePublished\":\"2022-03-21T15:10:51+00:00\",\"dateModified\":\"2022-03-30T16:31:05+00:00\",\"breadcrumb\":{\"@id\":\"https:\/\/renoa.be\/fr\/services\/travaux-de-renovation\/#breadcrumb\"},\"inLanguage\":\"en\",\"potentialAction\":[{\"@type\":\"ReadAction\",\"target\":[\"https:\/\/renoa.be\/fr\/services\/travaux-de-renovation\/\"]}]},{\"@type\":\"BreadcrumbList\",\"@id\":\"https:\/\/renoa.be\/fr\/services\/travaux-de-renovation\/#breadcrumb\",\"itemListElement\":[{\"@type\":\"ListItem\",\"position\":1,\"name\":\"Home\",\"item\":\"https:\/\/renoa.be\/fr\/\"},{\"@type\":\"ListItem\",\"position\":2,\"name\":\"Services\",\"item\":\"https:\/\/renoa.be\/fr\/services\/\"},{\"@type\":\"ListItem\",\"position\":3,\"name\":\"Travaux de renovation\"}]}]}<\/script>\n<!-- \/ Yoast SEO plugin. -->","yoast_head_json":{"title":"Travaux de renovation - Renoa Entreprise G&eacute;n&eacute;rale du B&acirc;timent","robots":{"index":"index","follow":"follow","max-snippet":"max-snippet:-1","max-image-preview":"max-image-preview:large","max-video-preview":"max-video-preview:-1"},"canonical":"https:\/\/renoa.be\/fr\/services\/travaux-de-renovation\/","og_locale":"en_US","og_type":"article","og_title":"Travaux de renovation - Renoa Entreprise G&eacute;n&eacute;rale du B&acirc;timent","og_url":"https:\/\/renoa.be\/fr\/services\/travaux-de-renovation\/","og_site_name":"Renoa Entreprise G&eacute;n&eacute;rale du B&acirc;timent","article_modified_time":"2022-03-30T16:31:05+00:00","og_image":[{"url":"http:\/\/renoa.be\/fr\/wp-content\/uploads\/2022\/03\/Brusal-renovation-salle-de-bain-completement-before-and-after.jpg"}],"twitter_card":"summary_large_image","twitter_misc":{"Est. reading time":"5 minutes"},"schema":{"@context":"https:\/\/schema.org","@graph":[{"@type":"WebSite","@id":"https:\/\/renoa.be\/fr\/#website","url":"https:\/\/renoa.be\/fr\/","name":"Renoa Entreprise G&eacute;n&eacute;rale du B&acirc;timent","description":"Renoa est une entreprise de construction  sp&eacute;cialis&eacute;e dans la construction, la r&eacute;novation  et l'am&eacute;nagement d'immeubles et appartements","potentialAction":[{"@type":"SearchAction","target":{"@type":"EntryPoint","urlTemplate":"https:\/\/renoa.be\/fr\/?s={search_term_string}"},"query-input":"required name=search_term_string"}],"inLanguage":"en"},{"@type":"ImageObject","@id":"https:\/\/renoa.be\/fr\/services\/travaux-de-renovation\/#primaryimage","inLanguage":"en","url":"http:\/\/renoa.be\/fr\/wp-content\/uploads\/2022\/03\/Brusal-renovation-salle-de-bain-completement-before-and-after.jpg","contentUrl":"http:\/\/renoa.be\/fr\/wp-content\/uploads\/2022\/03\/Brusal-renovation-salle-de-bain-completement-before-and-after.jpg"},{"@type":"WebPage","@id":"https:\/\/renoa.be\/fr\/services\/travaux-de-renovation\/#webpage","url":"https:\/\/renoa.be\/fr\/services\/travaux-de-renovation\/","name":"Travaux de renovation - Renoa Entreprise G&eacute;n&eacute;rale du B&acirc;timent","isPartOf":{"@id":"https:\/\/renoa.be\/fr\/#website"},"primaryImageOfPage":{"@id":"https:\/\/renoa.be\/fr\/services\/travaux-de-renovation\/#primaryimage"},"datePublished":"2022-03-21T15:10:51+00:00","dateModified":"2022-03-30T16:31:05+00:00","breadcrumb":{"@id":"https:\/\/renoa.be\/fr\/services\/travaux-de-renovation\/#breadcrumb"},"inLanguage":"en","potentialAction":[{"@type":"ReadAction","target":["https:\/\/renoa.be\/fr\/services\/travaux-de-renovation\/"]}]},{"@type":"BreadcrumbList","@id":"https:\/\/renoa.be\/fr\/services\/travaux-de-renovation\/#breadcrumb","itemListElement":[{"@type":"ListItem","position":1,"name":"Home","item":"https:\/\/renoa.be\/fr\/"},{"@type":"ListItem","position":2,"name":"Services","item":"https:\/\/renoa.be\/fr\/services\/"},{"@type":"ListItem","position":3,"name":"Travaux de renovation"}]}]}},"_links":{"self":[{"href":"https:\/\/renoa.be\/fr\/wp-json\/wp\/v2\/pages\/8297"}],"collection":[{"href":"https:\/\/renoa.be\/fr\/wp-json\/wp\/v2\/pages"}],"about":[{"href":"https:\/\/renoa.be\/fr\/wp-json\/wp\/v2\/types\/page"}],"author":[{"embeddable":true,"href":"https:\/\/renoa.be\/fr\/wp-json\/wp\/v2\/users\/1"}],"replies":[{"embeddable":true,"href":"https:\/\/renoa.be\/fr\/wp-json\/wp\/v2\/comments?post=8297"}],"version-history":[{"count":11,"href":"https:\/\/renoa.be\/fr\/wp-json\/wp\/v2\/pages\/8297\/revisions"}],"predecessor-version":[{"id":8658,"href":"https:\/\/renoa.be\/fr\/wp-json\/wp\/v2\/pages\/8297\/revisions\/8658"}],"up":[{"embeddable":true,"href":"https:\/\/renoa.be\/fr\/wp-json\/wp\/v2\/pages\/7981"}],"wp:attachment":[{"href":"https:\/\/renoa.be\/fr\/wp-json\/wp\/v2\/media?parent=8297"}],"curies":[{"name":"wp","href":"https:\/\/api.w.org\/{rel}","templated":true}]}}