{"id":8301,"date":"2022-03-21T15:11:13","date_gmt":"2022-03-21T15:11:13","guid":{"rendered":"http:\/\/renoa.be\/fr\/?page_id=8301"},"modified":"2022-03-30T16:30:40","modified_gmt":"2022-03-30T16:30:40","slug":"electricite","status":"publish","type":"page","link":"https:\/\/renoa.be\/fr\/services\/electricite\/","title":{"rendered":"\u00c9lectricit\u00e9"},"content":{"rendered":"<section class=\"l-section wpb_row height_custom\"><div class=\"l-section-h i-cf\"><div class=\"g-cols vc_row via_grid cols_1 laptops-cols_inherit tablets-cols_inherit mobiles-cols_1 valign_top type_default\"><div class=\"wpb_column vc_column_container\"><div class=\"vc_column-inner\"><h1 class=\"w-text us_custom_eb849559\"><span class=\"w-text-h\"><span class=\"w-text-value\">\u00c9lectricit\u00e9<\/span><\/span><\/h1><\/div><\/div><\/div><\/div><\/section><section class=\"l-section wpb_row height_custom\"><div class=\"l-section-h i-cf\"><div class=\"g-cols vc_row via_grid cols_1 laptops-cols_inherit tablets-cols_inherit mobiles-cols_1 valign_top type_default\"><div class=\"wpb_column vc_column_container\"><div class=\"vc_column-inner\"><div class=\"wpb_text_column\"><div class=\"wpb_wrapper\"><p style=\"text-align: left;\"><img loading=\"lazy\" class=\"size-medium wp-image-8353 alignleft\" src=\"https:\/\/renoa.be\/fr\/wp-content\/uploads\/2022\/03\/9-300x200.jpg\" alt=\"\" width=\"300\" height=\"200\" srcset=\"https:\/\/renoa.be\/fr\/wp-content\/uploads\/2022\/03\/9-300x200.jpg 300w, https:\/\/renoa.be\/fr\/wp-content\/uploads\/2022\/03\/9-1024x682.jpg 1024w, https:\/\/renoa.be\/fr\/wp-content\/uploads\/2022\/03\/9.jpg 1200w\" sizes=\"(max-width: 300px) 100vw, 300px\" \/>Les travaux d\u2019\u00e9lectricit\u00e9 lors de la r\u00e9novation ou de la r\u00e9novation de maisons ou d\u2019appartements font partie de notre gamme de t\u00e2ches. Nous sommes heureux de vous aider dans la r\u00e9novation de votre installation \u00e9lectrique actuelle, afin qu\u2019elle r\u00e9ponde aux normes et \u00e0 la qualit\u00e9 d\u2019aujourd\u2019hui. Nous utilisons des marques reconnues pour leur durabilit\u00e9 et leur qualit\u00e9 dans les travaux \u00e9lectriques.<\/p>\n<p>R\u00e9novation et nouvelle installation, Remise en conformit\u00e9 (avec certificat de conformit\u00e9), Installation de panneaux solaires et Domotique, Installation de parlophones, vid\u00e9ophones, cam\u00e9ras et alarmes.<\/p>\n<\/div><\/div><\/div><\/div><\/div><\/div><\/section><section class=\"l-section wpb_row height_custom\"><div class=\"l-section-h i-cf\"><div class=\"g-cols vc_row via_grid cols_1 laptops-cols_inherit tablets-cols_inherit mobiles-cols_1 valign_top type_default\"><div class=\"wpb_column vc_column_container\"><div class=\"vc_column-inner\"><div class=\"w-hwrapper align_none valign_top\"><div class=\"w-image align_none\"><div class=\"w-image-h\"><img width=\"225\" height=\"300\" src=\"https:\/\/renoa.be\/fr\/wp-content\/uploads\/2022\/03\/5-225x300.jpg\" class=\"attachment-medium size-medium\" alt=\"\" loading=\"lazy\" srcset=\"https:\/\/renoa.be\/fr\/wp-content\/uploads\/2022\/03\/5-225x300.jpg 225w, https:\/\/renoa.be\/fr\/wp-content\/uploads\/2022\/03\/5.jpg 300w\" sizes=\"(max-width: 225px) 100vw, 225px\" \/><\/div><\/div><div class=\"w-image align_none\"><div class=\"w-image-h\"><img width=\"222\" height=\"300\" src=\"https:\/\/renoa.be\/fr\/wp-content\/uploads\/2022\/03\/6.jpg\" class=\"attachment-medium size-medium\" alt=\"\" loading=\"lazy\" \/><\/div><\/div><div class=\"w-image align_none\"><div class=\"w-image-h\"><img width=\"282\" height=\"300\" src=\"https:\/\/renoa.be\/fr\/wp-content\/uploads\/2022\/03\/7.jpg\" class=\"attachment-medium size-medium\" alt=\"\" loading=\"lazy\" \/><\/div><\/div><div class=\"w-image align_none\"><div class=\"w-image-h\"><img width=\"300\" height=\"274\" src=\"https:\/\/renoa.be\/fr\/wp-content\/uploads\/2022\/03\/8.jpg\" class=\"attachment-medium size-medium\" alt=\"\" loading=\"lazy\" \/><\/div><\/div><\/div><\/div><\/div><\/div><\/div><\/section><section class=\"l-section wpb_row height_medium full_height valign_center color_secondary with_img parallax_ver with_shape\" id=\"contact\"><div class=\"l-section-img\" style=\"background-image: url(https:\/\/renoa.be\/fr\/wp-content\/uploads\/2022\/02\/IMG_0108.jpeg);\" data-img-width=\"2048\" data-img-height=\"1536\"><\/div><div class=\"l-section-overlay\" style=\"background:rgba(0,0,0,0.65)\"><\/div><div class=\"l-section-shape type_triangle pos_bottom\" style=\"color:var(--color-footer-bg)\"><svg xmlns=\"http:\/\/www.w3.org\/2000\/svg\" viewBox=\"0 0 64 8\" preserveAspectRatio=\"none\" width=\"100%\" height=\"100%\">\r\n\t<path fill=\"currentColor\" d=\"M64 8 L0 8 L0 0 L32 7.9 L64 0 Z\"\/>\r\n<\/svg><\/div><div class=\"l-section-h i-cf\"><div class=\"g-cols vc_row via_grid cols_1 laptops-cols_inherit tablets-cols_inherit mobiles-cols_1 valign_top type_default\"><div class=\"wpb_column vc_column_container us_custom_60e9caca us_animate_this\"><div class=\"vc_column-inner\"><div class=\"wpb_text_column\"><div class=\"wpb_wrapper\"><h2 style=\"text-align: center;\"><span class=\"highlight highlight_primary\"><span style=\"color: #ffffff;\">Contactez<\/span> Nous<\/span><\/h2>\n<\/div><\/div><div class=\"w-separator size_medium\"><\/div><div class=\"g-cols wpb_row via_grid cols_2 laptops-cols_inherit tablets-cols_inherit mobiles-cols_1 valign_top type_default\"><div class=\"wpb_column vc_column_container us_custom_60e9caca us_animate_this\"><div class=\"vc_column-inner\"><div class=\"wpb_text_column\"><div class=\"wpb_wrapper\"><h2>Un projet immobilier ?<\/h2>\n<p>Demandez conseil aupr\u00e8s de nos \u00e9quipes.<\/p>\n<\/div><\/div><div class=\"w-separator size_large\"><\/div><div class=\"w-iconbox iconpos_left style_circle color_primary align_left no_text\"><div class=\"w-iconbox-icon\" style=\"font-size:1.2rem;\"><i class=\"far fa-phone\"><\/i><\/div><div class=\"w-iconbox-meta\"><h3 class=\"w-iconbox-title\">FR +32 470 97 88 48<\/h3><\/div><\/div><div class=\"w-separator size_small\"><\/div><div class=\"w-iconbox iconpos_left style_circle color_primary align_left no_text\"><div class=\"w-iconbox-icon\" style=\"font-size:1.2rem;\"><i class=\"far fa-phone\"><\/i><\/div><div class=\"w-iconbox-meta\"><h3 class=\"w-iconbox-title\">NL +32 470 45 53 12<\/h3><\/div><\/div><div class=\"w-separator size_small\"><\/div><div class=\"w-iconbox iconpos_left style_circle color_primary align_left no_text\"><div class=\"w-iconbox-icon\" style=\"font-size:1.2rem;\"><i class=\"far fa-envelope\"><\/i><\/div><div class=\"w-iconbox-meta\"><h3 class=\"w-iconbox-title\">info@renoa.be<\/h3><\/div><\/div><div class=\"w-separator size_small\"><\/div><div class=\"w-iconbox iconpos_left style_circle color_primary align_left no_text\"><div class=\"w-iconbox-icon\" style=\"font-size:1.2rem;\"><i class=\"far fa-gavel\"><\/i><\/div><div class=\"w-iconbox-meta\"><h4 class=\"w-iconbox-title\">BE 0779.355.309<\/h4><\/div><\/div><\/div><\/div><div class=\"wpb_column vc_column_container us_custom_60e9caca us_animate_this\"><div class=\"vc_column-inner\"><form class=\"w-form  layout_ver for_cform us_form_1\" autocomplete=\"off\" action=\"https:\/\/renoa.be\/fr\/fr\/wp-json\/wp\/v2\/pages\/8301\" method=\"post\"><div class=\"w-form-h\"><div class=\"w-form-row for_text with_icon cols_2\">\r\n\t\t<div class=\"w-form-row-field\">\r\n\t\t\t\t<i class=\"far fa-user\"><\/i>\t\t<input aria-label=\"Name\" type=\"text\" name=\"us_form_1_text_1\" value placeholder=\"Name\"\/>\r\n\t\t\t<\/div>\r\n\t\t<div class=\"w-form-row-state\">Fill out this field<\/div>\r\n<\/div>\r\n<div class=\"w-form-row for_text required with_icon cols_2\">\r\n\t\t<div class=\"w-form-row-field\">\r\n\t\t\t\t<i class=\"far fa-at\"><\/i>\t\t<input aria-label=\"Email\" type=\"text\" name=\"us_form_1_text_2\" value placeholder=\"Email *\" data-required=\"true\" aria-required=\"true\"\/>\r\n\t\t\t<\/div>\r\n\t\t<div class=\"w-form-row-state\">Fill out this field<\/div>\r\n<\/div>\r\n<div class=\"w-form-row for_text with_icon\">\r\n\t\t<div class=\"w-form-row-field\">\r\n\t\t\t\t<i class=\"fas fa-phone\"><\/i>\t\t<input aria-label=\"Tel\" type=\"text\" name=\"us_form_1_text_3\" value placeholder=\"Tel\"\/>\r\n\t\t\t<\/div>\r\n\t\t<div class=\"w-form-row-state\">Fill out this field<\/div>\r\n<\/div>\r\n<div class=\"w-form-row for_textarea required with_icon\">\r\n\t\t<div class=\"w-form-row-field\">\r\n\t\t\t\t<i class=\"far fa-pencil\"><\/i>\t\t<textarea aria-label=\"Message\" name=\"us_form_1_textarea_1\" placeholder=\"Message *\" data-required=\"true\" aria-required=\"true\"><\/textarea>\r\n\t\t\t<\/div>\r\n\t\t<div class=\"w-form-row-state\">Fill out this field<\/div>\r\n<\/div>\r\n<input type=\"hidden\" name=\"action\" value=\"us_ajax_cform\" \/>\r\n<input type=\"hidden\" name=\"post_id\" value=\"0\" \/>\r\n<input type=\"hidden\" name=\"form_index\" value=\"1\" \/>\r\n<div class=\"w-form-row for_submit align_none\">\r\n\t<div class=\"w-form-row-field\">\r\n\t\t<button class=\"w-btn  us-btn-style_1\" aria-label=\"Send Message\" type=\"submit\">\r\n\t\t\t<span class=\"g-preloader type_1\"><\/span>\r\n\t\t\t\t\t\t<span class=\"w-btn-label\">Send Message<\/span>\r\n\t\t\t\t\t<\/button>\r\n\t<\/div>\r\n<\/div>\r\n<\/div><div class=\"w-form-message\"><\/div><div class=\"w-form-json hidden\" onclick='return {&quot;ajaxurl&quot;:&quot;https:\\\/\\\/renoa.be\\\/fr\\\/wp-admin\\\/admin-ajax.php&quot;}'><\/div><\/form><\/div><\/div><\/div><\/div><\/div><\/div><\/div><\/section>\n","protected":false},"excerpt":{"rendered":"","protected":false},"author":1,"featured_media":0,"parent":7981,"menu_order":0,"comment_status":"closed","ping_status":"closed","template":"","meta":{"_vp_format_video_url":"","_vp_image_focal_point":[]},"acf":[],"yoast_head":"<!-- This site is optimized with the Yoast SEO plugin v18.5.1 - https:\/\/yoast.com\/wordpress\/plugins\/seo\/ -->\n<title>\u00c9lectricit\u00e9 - Renoa Entreprise G&eacute;n&eacute;rale du B&acirc;timent<\/title>\n<meta name=\"robots\" content=\"index, follow, max-snippet:-1, max-image-preview:large, max-video-preview:-1\" \/>\n<link rel=\"canonical\" href=\"https:\/\/renoa.be\/fr\/services\/electricite\/\" \/>\n<meta property=\"og:locale\" content=\"en_US\" \/>\n<meta property=\"og:type\" content=\"article\" \/>\n<meta property=\"og:title\" content=\"\u00c9lectricit\u00e9 - Renoa Entreprise G&eacute;n&eacute;rale du B&acirc;timent\" \/>\n<meta property=\"og:url\" content=\"https:\/\/renoa.be\/fr\/services\/electricite\/\" \/>\n<meta property=\"og:site_name\" content=\"Renoa Entreprise G&eacute;n&eacute;rale du B&acirc;timent\" \/>\n<meta property=\"article:modified_time\" content=\"2022-03-30T16:30:40+00:00\" \/>\n<meta property=\"og:image\" content=\"http:\/\/renoa.be\/fr\/wp-content\/uploads\/2022\/03\/9-300x200.jpg\" \/>\n<meta name=\"twitter:card\" content=\"summary_large_image\" \/>\n<meta name=\"twitter:label1\" content=\"Est. reading time\" \/>\n\t<meta name=\"twitter:data1\" content=\"3 minutes\" \/>\n<script type=\"application\/ld+json\" class=\"yoast-schema-graph\">{\"@context\":\"https:\/\/schema.org\",\"@graph\":[{\"@type\":\"WebSite\",\"@id\":\"https:\/\/renoa.be\/fr\/#website\",\"url\":\"https:\/\/renoa.be\/fr\/\",\"name\":\"Renoa Entreprise G&eacute;n&eacute;rale du B&acirc;timent\",\"description\":\"Renoa est une entreprise de construction  sp&eacute;cialis&eacute;e dans la construction, la r&eacute;novation  et l'am&eacute;nagement d'immeubles et appartements\",\"potentialAction\":[{\"@type\":\"SearchAction\",\"target\":{\"@type\":\"EntryPoint\",\"urlTemplate\":\"https:\/\/renoa.be\/fr\/?s={search_term_string}\"},\"query-input\":\"required name=search_term_string\"}],\"inLanguage\":\"en\"},{\"@type\":\"ImageObject\",\"@id\":\"https:\/\/renoa.be\/fr\/services\/electricite\/#primaryimage\",\"inLanguage\":\"en\",\"url\":\"http:\/\/renoa.be\/fr\/wp-content\/uploads\/2022\/03\/9-300x200.jpg\",\"contentUrl\":\"http:\/\/renoa.be\/fr\/wp-content\/uploads\/2022\/03\/9-300x200.jpg\"},{\"@type\":\"WebPage\",\"@id\":\"https:\/\/renoa.be\/fr\/services\/electricite\/#webpage\",\"url\":\"https:\/\/renoa.be\/fr\/services\/electricite\/\",\"name\":\"\u00c9lectricit\u00e9 - Renoa Entreprise G&eacute;n&eacute;rale du B&acirc;timent\",\"isPartOf\":{\"@id\":\"https:\/\/renoa.be\/fr\/#website\"},\"primaryImageOfPage\":{\"@id\":\"https:\/\/renoa.be\/fr\/services\/electricite\/#primaryimage\"},\"datePublished\":\"2022-03-21T15:11:13+00:00\",\"dateModified\":\"2022-03-30T16:30:40+00:00\",\"breadcrumb\":{\"@id\":\"https:\/\/renoa.be\/fr\/services\/electricite\/#breadcrumb\"},\"inLanguage\":\"en\",\"potentialAction\":[{\"@type\":\"ReadAction\",\"target\":[\"https:\/\/renoa.be\/fr\/services\/electricite\/\"]}]},{\"@type\":\"BreadcrumbList\",\"@id\":\"https:\/\/renoa.be\/fr\/services\/electricite\/#breadcrumb\",\"itemListElement\":[{\"@type\":\"ListItem\",\"position\":1,\"name\":\"Home\",\"item\":\"https:\/\/renoa.be\/fr\/\"},{\"@type\":\"ListItem\",\"position\":2,\"name\":\"Services\",\"item\":\"https:\/\/renoa.be\/fr\/services\/\"},{\"@type\":\"ListItem\",\"position\":3,\"name\":\"\u00c9lectricit\u00e9\"}]}]}<\/script>\n<!-- \/ Yoast SEO plugin. -->","yoast_head_json":{"title":"\u00c9lectricit\u00e9 - Renoa Entreprise G&eacute;n&eacute;rale du B&acirc;timent","robots":{"index":"index","follow":"follow","max-snippet":"max-snippet:-1","max-image-preview":"max-image-preview:large","max-video-preview":"max-video-preview:-1"},"canonical":"https:\/\/renoa.be\/fr\/services\/electricite\/","og_locale":"en_US","og_type":"article","og_title":"\u00c9lectricit\u00e9 - Renoa Entreprise G&eacute;n&eacute;rale du B&acirc;timent","og_url":"https:\/\/renoa.be\/fr\/services\/electricite\/","og_site_name":"Renoa Entreprise G&eacute;n&eacute;rale du B&acirc;timent","article_modified_time":"2022-03-30T16:30:40+00:00","og_image":[{"url":"http:\/\/renoa.be\/fr\/wp-content\/uploads\/2022\/03\/9-300x200.jpg"}],"twitter_card":"summary_large_image","twitter_misc":{"Est. reading time":"3 minutes"},"schema":{"@context":"https:\/\/schema.org","@graph":[{"@type":"WebSite","@id":"https:\/\/renoa.be\/fr\/#website","url":"https:\/\/renoa.be\/fr\/","name":"Renoa Entreprise G&eacute;n&eacute;rale du B&acirc;timent","description":"Renoa est une entreprise de construction  sp&eacute;cialis&eacute;e dans la construction, la r&eacute;novation  et l'am&eacute;nagement d'immeubles et appartements","potentialAction":[{"@type":"SearchAction","target":{"@type":"EntryPoint","urlTemplate":"https:\/\/renoa.be\/fr\/?s={search_term_string}"},"query-input":"required name=search_term_string"}],"inLanguage":"en"},{"@type":"ImageObject","@id":"https:\/\/renoa.be\/fr\/services\/electricite\/#primaryimage","inLanguage":"en","url":"http:\/\/renoa.be\/fr\/wp-content\/uploads\/2022\/03\/9-300x200.jpg","contentUrl":"http:\/\/renoa.be\/fr\/wp-content\/uploads\/2022\/03\/9-300x200.jpg"},{"@type":"WebPage","@id":"https:\/\/renoa.be\/fr\/services\/electricite\/#webpage","url":"https:\/\/renoa.be\/fr\/services\/electricite\/","name":"\u00c9lectricit\u00e9 - Renoa Entreprise G&eacute;n&eacute;rale du B&acirc;timent","isPartOf":{"@id":"https:\/\/renoa.be\/fr\/#website"},"primaryImageOfPage":{"@id":"https:\/\/renoa.be\/fr\/services\/electricite\/#primaryimage"},"datePublished":"2022-03-21T15:11:13+00:00","dateModified":"2022-03-30T16:30:40+00:00","breadcrumb":{"@id":"https:\/\/renoa.be\/fr\/services\/electricite\/#breadcrumb"},"inLanguage":"en","potentialAction":[{"@type":"ReadAction","target":["https:\/\/renoa.be\/fr\/services\/electricite\/"]}]},{"@type":"BreadcrumbList","@id":"https:\/\/renoa.be\/fr\/services\/electricite\/#breadcrumb","itemListElement":[{"@type":"ListItem","position":1,"name":"Home","item":"https:\/\/renoa.be\/fr\/"},{"@type":"ListItem","position":2,"name":"Services","item":"https:\/\/renoa.be\/fr\/services\/"},{"@type":"ListItem","position":3,"name":"\u00c9lectricit\u00e9"}]}]}},"_links":{"self":[{"href":"https:\/\/renoa.be\/fr\/wp-json\/wp\/v2\/pages\/8301"}],"collection":[{"href":"https:\/\/renoa.be\/fr\/wp-json\/wp\/v2\/pages"}],"about":[{"href":"https:\/\/renoa.be\/fr\/wp-json\/wp\/v2\/types\/page"}],"author":[{"embeddable":true,"href":"https:\/\/renoa.be\/fr\/wp-json\/wp\/v2\/users\/1"}],"replies":[{"embeddable":true,"href":"https:\/\/renoa.be\/fr\/wp-json\/wp\/v2\/comments?post=8301"}],"version-history":[{"count":7,"href":"https:\/\/renoa.be\/fr\/wp-json\/wp\/v2\/pages\/8301\/revisions"}],"predecessor-version":[{"id":8657,"href":"https:\/\/renoa.be\/fr\/wp-json\/wp\/v2\/pages\/8301\/revisions\/8657"}],"up":[{"embeddable":true,"href":"https:\/\/renoa.be\/fr\/wp-json\/wp\/v2\/pages\/7981"}],"wp:attachment":[{"href":"https:\/\/renoa.be\/fr\/wp-json\/wp\/v2\/media?parent=8301"}],"curies":[{"name":"wp","href":"https:\/\/api.w.org\/{rel}","templated":true}]}}