{"id":8305,"date":"2022-03-21T15:11:33","date_gmt":"2022-03-21T15:11:33","guid":{"rendered":"http:\/\/renoa.be\/fr\/?page_id=8305"},"modified":"2022-03-21T16:24:02","modified_gmt":"2022-03-21T16:24:02","slug":"plomberie-sanitaire","status":"publish","type":"page","link":"https:\/\/renoa.be\/fr\/services\/plomberie-sanitaire\/","title":{"rendered":"Plomberie sanitaire"},"content":{"rendered":"<section class=\"l-section wpb_row height_custom\"><div class=\"l-section-h i-cf\"><div class=\"g-cols vc_row via_grid cols_1 laptops-cols_inherit tablets-cols_inherit mobiles-cols_1 valign_top type_default\"><div class=\"wpb_column vc_column_container\"><div class=\"vc_column-inner\"><h1 class=\"w-text us_custom_eb849559\"><span class=\"w-text-h\"><span class=\"w-text-value\">Plomberie Sanitaire<\/span><\/span><\/h1><\/div><\/div><\/div><\/div><\/section><section class=\"l-section wpb_row height_custom\"><div class=\"l-section-h i-cf\"><div class=\"g-cols vc_row via_grid cols_1 laptops-cols_inherit tablets-cols_inherit mobiles-cols_1 valign_top type_default\"><div class=\"wpb_column vc_column_container\"><div class=\"vc_column-inner\"><div class=\"wpb_text_column\"><div class=\"wpb_wrapper\"><p class=\"elementor-heading-title elementor-size-default\"><img loading=\"lazy\" class=\"wp-image-8319 size-medium alignleft\" src=\"https:\/\/renoa.be\/fr\/wp-content\/uploads\/2022\/03\/Brusal-renovation-salle-de-bain-completement-before-and-after-298x300.jpg\" alt=\"\" width=\"298\" height=\"300\" srcset=\"https:\/\/renoa.be\/fr\/wp-content\/uploads\/2022\/03\/Brusal-renovation-salle-de-bain-completement-before-and-after-298x300.jpg 298w, https:\/\/renoa.be\/fr\/wp-content\/uploads\/2022\/03\/Brusal-renovation-salle-de-bain-completement-before-and-after-150x150.jpg 150w, https:\/\/renoa.be\/fr\/wp-content\/uploads\/2022\/03\/Brusal-renovation-salle-de-bain-completement-before-and-after.jpg 526w\" sizes=\"(max-width: 298px) 100vw, 298px\" \/>Nous prenons en charge tous vos projets de plomberie et de r\u00e9novation de salle de bain, recherche de fuites, nouvelle installation, \u00e9gouttage,\u00a0 entretien des \u00e9gouts, inspection par cam\u00e9ra ,d\u00e9bouchage, fuite de gaz, etc .. Vous n\u2019appelez qu\u2019une seule entreprise! nous travaillons \u00e9galement avec des produits de qualit\u00e9 que nous soutenons.<\/p>\n<\/div><\/div><\/div><\/div><\/div><\/div><\/section><section class=\"l-section wpb_row height_custom\"><div class=\"l-section-h i-cf\"><div class=\"g-cols vc_row via_grid cols_1 laptops-cols_inherit tablets-cols_inherit mobiles-cols_1 valign_top type_default\"><div class=\"wpb_column vc_column_container\"><div class=\"vc_column-inner\"><div class=\"w-hwrapper align_none valign_top\"><div class=\"w-image align_none\"><div class=\"w-image-h\"><img width=\"225\" height=\"300\" src=\"https:\/\/renoa.be\/fr\/wp-content\/uploads\/2015\/02\/IMG_6314-225x300.jpeg\" class=\"attachment-medium size-medium\" alt=\"\" loading=\"lazy\" srcset=\"https:\/\/renoa.be\/fr\/wp-content\/uploads\/2015\/02\/IMG_6314-225x300.jpeg 225w, https:\/\/renoa.be\/fr\/wp-content\/uploads\/2015\/02\/IMG_6314-768x1024.jpeg 768w, https:\/\/renoa.be\/fr\/wp-content\/uploads\/2015\/02\/IMG_6314-1152x1536.jpeg 1152w, https:\/\/renoa.be\/fr\/wp-content\/uploads\/2015\/02\/IMG_6314-300x400.jpeg 300w, https:\/\/renoa.be\/fr\/wp-content\/uploads\/2015\/02\/IMG_6314-500x667.jpeg 500w, https:\/\/renoa.be\/fr\/wp-content\/uploads\/2015\/02\/IMG_6314-800x1067.jpeg 800w, https:\/\/renoa.be\/fr\/wp-content\/uploads\/2015\/02\/IMG_6314-1280x1707.jpeg 1280w, https:\/\/renoa.be\/fr\/wp-content\/uploads\/2015\/02\/IMG_6314.jpeg 1536w\" sizes=\"(max-width: 225px) 100vw, 225px\" \/><\/div><\/div><div class=\"w-image align_none\"><div class=\"w-image-h\"><img width=\"300\" height=\"225\" src=\"https:\/\/renoa.be\/fr\/wp-content\/uploads\/2015\/04\/IMG_9779-300x225.jpeg\" class=\"attachment-medium size-medium\" alt=\"\" loading=\"lazy\" srcset=\"https:\/\/renoa.be\/fr\/wp-content\/uploads\/2015\/04\/IMG_9779-300x225.jpeg 300w, https:\/\/renoa.be\/fr\/wp-content\/uploads\/2015\/04\/IMG_9779-1024x768.jpeg 1024w, https:\/\/renoa.be\/fr\/wp-content\/uploads\/2015\/04\/IMG_9779-1536x1152.jpeg 1536w, https:\/\/renoa.be\/fr\/wp-content\/uploads\/2015\/04\/IMG_9779.jpeg 2048w\" sizes=\"(max-width: 300px) 100vw, 300px\" \/><\/div><\/div><div class=\"w-image align_none\"><div class=\"w-image-h\"><img width=\"300\" height=\"225\" src=\"https:\/\/renoa.be\/fr\/wp-content\/uploads\/2022\/02\/renoa-sdb-300x225.jpeg\" class=\"attachment-medium size-medium\" alt=\"\" loading=\"lazy\" srcset=\"https:\/\/renoa.be\/fr\/wp-content\/uploads\/2022\/02\/renoa-sdb-300x225.jpeg 300w, https:\/\/renoa.be\/fr\/wp-content\/uploads\/2022\/02\/renoa-sdb-1024x768.jpeg 1024w, https:\/\/renoa.be\/fr\/wp-content\/uploads\/2022\/02\/renoa-sdb-1536x1152.jpeg 1536w, https:\/\/renoa.be\/fr\/wp-content\/uploads\/2022\/02\/renoa-sdb-400x300.jpeg 400w, https:\/\/renoa.be\/fr\/wp-content\/uploads\/2022\/02\/renoa-sdb-500x375.jpeg 500w, https:\/\/renoa.be\/fr\/wp-content\/uploads\/2022\/02\/renoa-sdb-800x600.jpeg 800w, https:\/\/renoa.be\/fr\/wp-content\/uploads\/2022\/02\/renoa-sdb-1280x960.jpeg 1280w, https:\/\/renoa.be\/fr\/wp-content\/uploads\/2022\/02\/renoa-sdb.jpeg 1920w\" sizes=\"(max-width: 300px) 100vw, 300px\" \/><\/div><\/div><div class=\"w-image align_none\"><div class=\"w-image-h\"><img width=\"225\" height=\"300\" src=\"https:\/\/renoa.be\/fr\/wp-content\/uploads\/2022\/02\/211-225x300.jpg\" class=\"attachment-medium size-medium\" alt=\"\" loading=\"lazy\" srcset=\"https:\/\/renoa.be\/fr\/wp-content\/uploads\/2022\/02\/211-225x300.jpg 225w, https:\/\/renoa.be\/fr\/wp-content\/uploads\/2022\/02\/211-rotated.jpg 600w\" sizes=\"(max-width: 225px) 100vw, 225px\" \/><\/div><\/div><\/div><\/div><\/div><\/div><\/div><\/section><section class=\"l-section wpb_row height_medium full_height valign_center color_secondary with_img parallax_ver with_shape\" id=\"contact\"><div class=\"l-section-img\" style=\"background-image: url(https:\/\/renoa.be\/fr\/wp-content\/uploads\/2022\/02\/IMG_0108.jpeg);\" data-img-width=\"2048\" data-img-height=\"1536\"><\/div><div class=\"l-section-overlay\" style=\"background:rgba(0,0,0,0.65)\"><\/div><div class=\"l-section-shape type_triangle pos_bottom\" style=\"color:var(--color-footer-bg)\"><svg xmlns=\"http:\/\/www.w3.org\/2000\/svg\" viewBox=\"0 0 64 8\" preserveAspectRatio=\"none\" width=\"100%\" height=\"100%\">\r\n\t<path fill=\"currentColor\" d=\"M64 8 L0 8 L0 0 L32 7.9 L64 0 Z\"\/>\r\n<\/svg><\/div><div class=\"l-section-h i-cf\"><div class=\"g-cols vc_row via_grid cols_1 laptops-cols_inherit tablets-cols_inherit mobiles-cols_1 valign_top type_default\"><div class=\"wpb_column vc_column_container us_custom_60e9caca us_animate_this\"><div class=\"vc_column-inner\"><div class=\"wpb_text_column\"><div class=\"wpb_wrapper\"><h2 style=\"text-align: center;\"><span class=\"highlight highlight_primary\"><span style=\"color: #ffffff;\">Contactez<\/span> Nous<\/span><\/h2>\n<\/div><\/div><div class=\"w-separator size_medium\"><\/div><div class=\"g-cols wpb_row via_grid cols_2 laptops-cols_inherit tablets-cols_inherit mobiles-cols_1 valign_top type_default\"><div class=\"wpb_column vc_column_container us_custom_60e9caca us_animate_this\"><div class=\"vc_column-inner\"><div class=\"wpb_text_column\"><div class=\"wpb_wrapper\"><h2>Un projet immobilier ?<\/h2>\n<p>Demandez conseil aupr\u00e8s de nos \u00e9quipes.<\/p>\n<\/div><\/div><div class=\"w-separator size_large\"><\/div><div class=\"w-iconbox iconpos_left style_circle color_primary align_left no_text\"><div class=\"w-iconbox-icon\" style=\"font-size:1.2rem;\"><i class=\"far fa-phone\"><\/i><\/div><div class=\"w-iconbox-meta\"><h3 class=\"w-iconbox-title\">+32 476 17 67 22<\/h3><\/div><\/div><div class=\"w-separator size_small\"><\/div><div class=\"w-iconbox iconpos_left style_circle color_primary align_left no_text\"><div class=\"w-iconbox-icon\" style=\"font-size:1.2rem;\"><i class=\"far fa-phone\"><\/i><\/div><div class=\"w-iconbox-meta\"><h3 class=\"w-iconbox-title\">+32 485 59 12 09<\/h3><\/div><\/div><div class=\"w-separator size_small\"><\/div><div class=\"w-iconbox iconpos_left style_circle color_primary align_left no_text\"><div class=\"w-iconbox-icon\" style=\"font-size:1.2rem;\"><i class=\"far fa-envelope\"><\/i><\/div><div class=\"w-iconbox-meta\"><h3 class=\"w-iconbox-title\">info@renoa.be<\/h3><\/div><\/div><div class=\"w-separator size_small\"><\/div><div class=\"w-iconbox iconpos_left style_circle color_primary align_left no_text\"><div class=\"w-iconbox-icon\" style=\"font-size:1.2rem;\"><i class=\"far fa-gavel\"><\/i><\/div><div class=\"w-iconbox-meta\"><h3 class=\"w-iconbox-title\">BE 0779.355.309<\/h3><\/div><\/div><\/div><\/div><div class=\"wpb_column vc_column_container us_custom_60e9caca us_animate_this\"><div class=\"vc_column-inner\"><form class=\"w-form  layout_ver for_cform us_form_1\" autocomplete=\"off\" action=\"https:\/\/renoa.be\/fr\/fr\/wp-json\/wp\/v2\/pages\/8305\" method=\"post\"><div class=\"w-form-h\"><div class=\"w-form-row for_text with_icon cols_2\">\r\n\t\t<div class=\"w-form-row-field\">\r\n\t\t\t\t<i class=\"far fa-user\"><\/i>\t\t<input aria-label=\"Name\" type=\"text\" name=\"us_form_1_text_1\" value placeholder=\"Name\"\/>\r\n\t\t\t<\/div>\r\n\t\t<div class=\"w-form-row-state\">Fill out this field<\/div>\r\n<\/div>\r\n<div class=\"w-form-row for_text required with_icon cols_2\">\r\n\t\t<div class=\"w-form-row-field\">\r\n\t\t\t\t<i class=\"far fa-at\"><\/i>\t\t<input aria-label=\"Email\" type=\"text\" name=\"us_form_1_text_2\" value placeholder=\"Email *\" data-required=\"true\" aria-required=\"true\"\/>\r\n\t\t\t<\/div>\r\n\t\t<div class=\"w-form-row-state\">Fill out this field<\/div>\r\n<\/div>\r\n<div class=\"w-form-row for_text with_icon\">\r\n\t\t<div class=\"w-form-row-field\">\r\n\t\t\t\t<i class=\"fas fa-phone\"><\/i>\t\t<input aria-label=\"Tel\" type=\"text\" name=\"us_form_1_text_3\" value placeholder=\"Tel\"\/>\r\n\t\t\t<\/div>\r\n\t\t<div class=\"w-form-row-state\">Fill out this field<\/div>\r\n<\/div>\r\n<div class=\"w-form-row for_textarea required with_icon\">\r\n\t\t<div class=\"w-form-row-field\">\r\n\t\t\t\t<i class=\"far fa-pencil\"><\/i>\t\t<textarea aria-label=\"Message\" name=\"us_form_1_textarea_1\" placeholder=\"Message *\" data-required=\"true\" aria-required=\"true\"><\/textarea>\r\n\t\t\t<\/div>\r\n\t\t<div class=\"w-form-row-state\">Fill out this field<\/div>\r\n<\/div>\r\n<input type=\"hidden\" name=\"action\" value=\"us_ajax_cform\" \/>\r\n<input type=\"hidden\" name=\"post_id\" value=\"0\" \/>\r\n<input type=\"hidden\" name=\"form_index\" value=\"1\" \/>\r\n<div class=\"w-form-row for_submit align_none\">\r\n\t<div class=\"w-form-row-field\">\r\n\t\t<button class=\"w-btn  us-btn-style_1\" aria-label=\"Send Message\" type=\"submit\">\r\n\t\t\t<span class=\"g-preloader type_1\"><\/span>\r\n\t\t\t\t\t\t<span class=\"w-btn-label\">Send Message<\/span>\r\n\t\t\t\t\t<\/button>\r\n\t<\/div>\r\n<\/div>\r\n<\/div><div class=\"w-form-message\"><\/div><div class=\"w-form-json hidden\" onclick='return {&quot;ajaxurl&quot;:&quot;https:\\\/\\\/renoa.be\\\/fr\\\/wp-admin\\\/admin-ajax.php&quot;}'><\/div><\/form><\/div><\/div><\/div><\/div><\/div><\/div><\/div><\/section>\n","protected":false},"excerpt":{"rendered":"","protected":false},"author":1,"featured_media":0,"parent":7981,"menu_order":0,"comment_status":"closed","ping_status":"closed","template":"","meta":{"_vp_format_video_url":"","_vp_image_focal_point":[]},"acf":[],"yoast_head":"<!-- This site is optimized with the Yoast SEO plugin v18.5.1 - https:\/\/yoast.com\/wordpress\/plugins\/seo\/ -->\n<title>Plomberie sanitaire - Renoa Entreprise G&eacute;n&eacute;rale du B&acirc;timent<\/title>\n<meta name=\"robots\" content=\"index, follow, max-snippet:-1, max-image-preview:large, max-video-preview:-1\" \/>\n<link rel=\"canonical\" href=\"https:\/\/renoa.be\/fr\/services\/plomberie-sanitaire\/\" \/>\n<meta property=\"og:locale\" content=\"en_US\" \/>\n<meta property=\"og:type\" content=\"article\" \/>\n<meta property=\"og:title\" content=\"Plomberie sanitaire - Renoa Entreprise G&eacute;n&eacute;rale du B&acirc;timent\" \/>\n<meta property=\"og:url\" content=\"https:\/\/renoa.be\/fr\/services\/plomberie-sanitaire\/\" \/>\n<meta property=\"og:site_name\" content=\"Renoa Entreprise G&eacute;n&eacute;rale du B&acirc;timent\" \/>\n<meta property=\"article:modified_time\" content=\"2022-03-21T16:24:02+00:00\" \/>\n<meta property=\"og:image\" content=\"http:\/\/renoa.be\/fr\/wp-content\/uploads\/2022\/03\/Brusal-renovation-salle-de-bain-completement-before-and-after-298x300.jpg\" \/>\n<meta name=\"twitter:card\" content=\"summary_large_image\" \/>\n<meta name=\"twitter:label1\" content=\"Est. reading time\" \/>\n\t<meta name=\"twitter:data1\" content=\"3 minutes\" \/>\n<script type=\"application\/ld+json\" class=\"yoast-schema-graph\">{\"@context\":\"https:\/\/schema.org\",\"@graph\":[{\"@type\":\"WebSite\",\"@id\":\"https:\/\/renoa.be\/fr\/#website\",\"url\":\"https:\/\/renoa.be\/fr\/\",\"name\":\"Renoa Entreprise G&eacute;n&eacute;rale du B&acirc;timent\",\"description\":\"Renoa est une entreprise de construction  sp&eacute;cialis&eacute;e dans la construction, la r&eacute;novation  et l'am&eacute;nagement d'immeubles et appartements\",\"potentialAction\":[{\"@type\":\"SearchAction\",\"target\":{\"@type\":\"EntryPoint\",\"urlTemplate\":\"https:\/\/renoa.be\/fr\/?s={search_term_string}\"},\"query-input\":\"required name=search_term_string\"}],\"inLanguage\":\"en\"},{\"@type\":\"ImageObject\",\"@id\":\"https:\/\/renoa.be\/fr\/services\/plomberie-sanitaire\/#primaryimage\",\"inLanguage\":\"en\",\"url\":\"http:\/\/renoa.be\/fr\/wp-content\/uploads\/2022\/03\/Brusal-renovation-salle-de-bain-completement-before-and-after-298x300.jpg\",\"contentUrl\":\"http:\/\/renoa.be\/fr\/wp-content\/uploads\/2022\/03\/Brusal-renovation-salle-de-bain-completement-before-and-after-298x300.jpg\"},{\"@type\":\"WebPage\",\"@id\":\"https:\/\/renoa.be\/fr\/services\/plomberie-sanitaire\/#webpage\",\"url\":\"https:\/\/renoa.be\/fr\/services\/plomberie-sanitaire\/\",\"name\":\"Plomberie sanitaire - Renoa Entreprise G&eacute;n&eacute;rale du B&acirc;timent\",\"isPartOf\":{\"@id\":\"https:\/\/renoa.be\/fr\/#website\"},\"primaryImageOfPage\":{\"@id\":\"https:\/\/renoa.be\/fr\/services\/plomberie-sanitaire\/#primaryimage\"},\"datePublished\":\"2022-03-21T15:11:33+00:00\",\"dateModified\":\"2022-03-21T16:24:02+00:00\",\"breadcrumb\":{\"@id\":\"https:\/\/renoa.be\/fr\/services\/plomberie-sanitaire\/#breadcrumb\"},\"inLanguage\":\"en\",\"potentialAction\":[{\"@type\":\"ReadAction\",\"target\":[\"https:\/\/renoa.be\/fr\/services\/plomberie-sanitaire\/\"]}]},{\"@type\":\"BreadcrumbList\",\"@id\":\"https:\/\/renoa.be\/fr\/services\/plomberie-sanitaire\/#breadcrumb\",\"itemListElement\":[{\"@type\":\"ListItem\",\"position\":1,\"name\":\"Home\",\"item\":\"https:\/\/renoa.be\/fr\/\"},{\"@type\":\"ListItem\",\"position\":2,\"name\":\"Services\",\"item\":\"https:\/\/renoa.be\/fr\/services\/\"},{\"@type\":\"ListItem\",\"position\":3,\"name\":\"Plomberie sanitaire\"}]}]}<\/script>\n<!-- \/ Yoast SEO plugin. -->","yoast_head_json":{"title":"Plomberie sanitaire - Renoa Entreprise G&eacute;n&eacute;rale du B&acirc;timent","robots":{"index":"index","follow":"follow","max-snippet":"max-snippet:-1","max-image-preview":"max-image-preview:large","max-video-preview":"max-video-preview:-1"},"canonical":"https:\/\/renoa.be\/fr\/services\/plomberie-sanitaire\/","og_locale":"en_US","og_type":"article","og_title":"Plomberie sanitaire - Renoa Entreprise G&eacute;n&eacute;rale du B&acirc;timent","og_url":"https:\/\/renoa.be\/fr\/services\/plomberie-sanitaire\/","og_site_name":"Renoa Entreprise G&eacute;n&eacute;rale du B&acirc;timent","article_modified_time":"2022-03-21T16:24:02+00:00","og_image":[{"url":"http:\/\/renoa.be\/fr\/wp-content\/uploads\/2022\/03\/Brusal-renovation-salle-de-bain-completement-before-and-after-298x300.jpg"}],"twitter_card":"summary_large_image","twitter_misc":{"Est. reading time":"3 minutes"},"schema":{"@context":"https:\/\/schema.org","@graph":[{"@type":"WebSite","@id":"https:\/\/renoa.be\/fr\/#website","url":"https:\/\/renoa.be\/fr\/","name":"Renoa Entreprise G&eacute;n&eacute;rale du B&acirc;timent","description":"Renoa est une entreprise de construction  sp&eacute;cialis&eacute;e dans la construction, la r&eacute;novation  et l'am&eacute;nagement d'immeubles et appartements","potentialAction":[{"@type":"SearchAction","target":{"@type":"EntryPoint","urlTemplate":"https:\/\/renoa.be\/fr\/?s={search_term_string}"},"query-input":"required name=search_term_string"}],"inLanguage":"en"},{"@type":"ImageObject","@id":"https:\/\/renoa.be\/fr\/services\/plomberie-sanitaire\/#primaryimage","inLanguage":"en","url":"http:\/\/renoa.be\/fr\/wp-content\/uploads\/2022\/03\/Brusal-renovation-salle-de-bain-completement-before-and-after-298x300.jpg","contentUrl":"http:\/\/renoa.be\/fr\/wp-content\/uploads\/2022\/03\/Brusal-renovation-salle-de-bain-completement-before-and-after-298x300.jpg"},{"@type":"WebPage","@id":"https:\/\/renoa.be\/fr\/services\/plomberie-sanitaire\/#webpage","url":"https:\/\/renoa.be\/fr\/services\/plomberie-sanitaire\/","name":"Plomberie sanitaire - Renoa Entreprise G&eacute;n&eacute;rale du B&acirc;timent","isPartOf":{"@id":"https:\/\/renoa.be\/fr\/#website"},"primaryImageOfPage":{"@id":"https:\/\/renoa.be\/fr\/services\/plomberie-sanitaire\/#primaryimage"},"datePublished":"2022-03-21T15:11:33+00:00","dateModified":"2022-03-21T16:24:02+00:00","breadcrumb":{"@id":"https:\/\/renoa.be\/fr\/services\/plomberie-sanitaire\/#breadcrumb"},"inLanguage":"en","potentialAction":[{"@type":"ReadAction","target":["https:\/\/renoa.be\/fr\/services\/plomberie-sanitaire\/"]}]},{"@type":"BreadcrumbList","@id":"https:\/\/renoa.be\/fr\/services\/plomberie-sanitaire\/#breadcrumb","itemListElement":[{"@type":"ListItem","position":1,"name":"Home","item":"https:\/\/renoa.be\/fr\/"},{"@type":"ListItem","position":2,"name":"Services","item":"https:\/\/renoa.be\/fr\/services\/"},{"@type":"ListItem","position":3,"name":"Plomberie sanitaire"}]}]}},"_links":{"self":[{"href":"https:\/\/renoa.be\/fr\/wp-json\/wp\/v2\/pages\/8305"}],"collection":[{"href":"https:\/\/renoa.be\/fr\/wp-json\/wp\/v2\/pages"}],"about":[{"href":"https:\/\/renoa.be\/fr\/wp-json\/wp\/v2\/types\/page"}],"author":[{"embeddable":true,"href":"https:\/\/renoa.be\/fr\/wp-json\/wp\/v2\/users\/1"}],"replies":[{"embeddable":true,"href":"https:\/\/renoa.be\/fr\/wp-json\/wp\/v2\/comments?post=8305"}],"version-history":[{"count":5,"href":"https:\/\/renoa.be\/fr\/wp-json\/wp\/v2\/pages\/8305\/revisions"}],"predecessor-version":[{"id":8368,"href":"https:\/\/renoa.be\/fr\/wp-json\/wp\/v2\/pages\/8305\/revisions\/8368"}],"up":[{"embeddable":true,"href":"https:\/\/renoa.be\/fr\/wp-json\/wp\/v2\/pages\/7981"}],"wp:attachment":[{"href":"https:\/\/renoa.be\/fr\/wp-json\/wp\/v2\/media?parent=8305"}],"curies":[{"name":"wp","href":"https:\/\/api.w.org\/{rel}","templated":true}]}}