{"id":8602,"date":"2022-03-23T20:00:04","date_gmt":"2022-03-23T20:00:04","guid":{"rendered":"https:\/\/renoa.be\/fr\/?page_id=8602"},"modified":"2022-03-30T16:29:34","modified_gmt":"2022-03-30T16:29:34","slug":"energie-verte","status":"publish","type":"page","link":"https:\/\/renoa.be\/fr\/energie-verte\/","title":{"rendered":"\u00c9nergie verte"},"content":{"rendered":"<section class=\"l-section wpb_row us_custom_135b9ed2 height_huge width_full with_img with_shape\"><div class=\"l-section-img\" style=\"background-image: url(https:\/\/renoa.be\/fr\/wp-content\/uploads\/2022\/03\/Renoa-Solar-Energie-verte.jpg);background-position: bottom center;\" data-img-width=\"1000\" data-img-height=\"500\"><\/div><div class=\"l-section-shape type_triangle-2 pos_bottom\"><svg xmlns=\"http:\/\/www.w3.org\/2000\/svg\" viewBox=\"0 0 64 8\" preserveAspectRatio=\"none\" width=\"100%\" height=\"100%\">\r\n\t<path fill=\"currentColor\" d=\"M64 8 L0 8 L0 0 L48 7.9 L64 0 Z\"\/>\r\n<\/svg><\/div><div class=\"l-section-h i-cf\"><div class=\"g-cols vc_row via_grid cols_1 laptops-cols_inherit tablets-cols_inherit mobiles-cols_1 valign_top type_default\"><div class=\"wpb_column vc_column_container\"><div class=\"vc_column-inner\"><\/div><\/div><\/div><\/div><\/section><section class=\"l-section wpb_row height_auto\"><div class=\"l-section-h i-cf\"><div class=\"g-cols vc_row via_grid cols_1 laptops-cols_inherit tablets-cols_inherit mobiles-cols_1 valign_top type_default\"><div class=\"wpb_column vc_column_container\"><div class=\"vc_column-inner\"><h1 class=\"w-text us_custom_eb849559\"><span class=\"w-text-h\"><span class=\"w-text-value\">\u00c9nergie verte<\/span><\/span><\/h1><\/div><\/div><\/div><\/div><\/section><section class=\"l-section wpb_row height_custom\"><div class=\"l-section-h i-cf\"><div class=\"g-cols vc_row via_grid cols_1 laptops-cols_inherit tablets-cols_inherit mobiles-cols_1 valign_top type_default\"><div class=\"wpb_column vc_column_container\"><div class=\"vc_column-inner\"><div class=\"wpb_text_column\"><div class=\"wpb_wrapper\"><h4 style=\"text-align: center;\"><img loading=\"lazy\" class=\"alignleft wp-image-8353\" src=\"https:\/\/renoa.be\/fr\/wp-content\/uploads\/2022\/03\/9-300x200.jpg\" alt=\"\" width=\"550\" height=\"366\" srcset=\"https:\/\/renoa.be\/fr\/wp-content\/uploads\/2022\/03\/9-300x200.jpg 300w, https:\/\/renoa.be\/fr\/wp-content\/uploads\/2022\/03\/9-1024x682.jpg 1024w, https:\/\/renoa.be\/fr\/wp-content\/uploads\/2022\/03\/9.jpg 1200w\" sizes=\"(max-width: 550px) 100vw, 550px\" \/>Panneaux solaires<\/h4>\n<p>Panneaux solaires : toujours int\u00e9ressants, notamment en raison de la hausse des prix de l&#8217;\u00e9nergie<br \/>\nVous rentabilisez votre installation plus rapidement. Faites votre appel pour recevoir une offre gratuite.<\/p>\n<p>Un placement particuli\u00e8rement rentable qui rapporte plus qu&#8217;un livret d&#8217;\u00e9pargne. La p\u00e9riode d&#8217;amortissement d&#8217;une nouvelle installation est en moyenne de 5 ans.<br \/>\nApr\u00e8s cette p\u00e9riode, l&#8217;\u00e9lectricit\u00e9 produite est un pur profit.<br \/>\nSi vous souhaitez vendre votre maison \u00e0 l&#8217;avenir, les panneaux solaires augmentent automatiquement le prix demand\u00e9.<br \/>\nInvestissez dans votre propre avenir,<\/p>\n<\/div><\/div><div class=\"w-separator size_small\"><\/div><div class=\"wpb_text_column\"><div class=\"wpb_wrapper\"><p style=\"text-align: left;\"><img loading=\"lazy\" class=\"alignright wp-image-8631\" src=\"https:\/\/renoa.be\/fr\/wp-content\/uploads\/2022\/03\/Station-de-recharge-voiture-electrique-300x176.jpg\" alt=\"\" width=\"550\" height=\"323\" srcset=\"https:\/\/renoa.be\/fr\/wp-content\/uploads\/2022\/03\/Station-de-recharge-voiture-electrique-300x176.jpg 300w, https:\/\/renoa.be\/fr\/wp-content\/uploads\/2022\/03\/Station-de-recharge-voiture-electrique-400x235.jpg 400w, https:\/\/renoa.be\/fr\/wp-content\/uploads\/2022\/03\/Station-de-recharge-voiture-electrique-500x293.jpg 500w, https:\/\/renoa.be\/fr\/wp-content\/uploads\/2022\/03\/Station-de-recharge-voiture-electrique.jpg 690w\" sizes=\"(max-width: 550px) 100vw, 550px\" \/><\/p>\n<h4 style=\"text-align: center;\">Station de recharge voiture \u00e9lectrique<\/h4>\n<p>Vous conduisez une voiture \u00e9lectrique ? Il est alors particuli\u00e8rement pratique de pouvoir la recharger chez vous, \u00e0 la maison.<br \/>\nN&#8217;h\u00e9sitez pas de nous contacter pour plus de renseignements et demande de devis gratuit.<br \/>\nLe temps de charge avec une borne domestique est r\u00e9duit \u00e0 moins de 6 heures (contre jusqu\u2019\u00e0 10 heures avec une prise classique).<br \/>\nSi vous avez des panneaux photovolta\u00efques, cela vous donne la possibilit\u00e9 d\u2019exploiter \u00e0 100% cette \u00e9nergie renouvelable pour recharger votre voiture.<\/p>\n<p>Les chargeurs domestiques sont con\u00e7us pour d\u00e9livrer une puissance sup\u00e9rieure \u00e0 celle d\u2019une simple prise, sans risque d\u2019\u00e9chauffement.<br \/>\nL\u2019\u00e9lectricit\u00e9 \u00e0 la maison co\u00fbte moins cher qu\u2019aux bornes publiques ou partag\u00e9es. Si vous disposez en plus de panneaux photovolta\u00efques, elle est carr\u00e9ment gratuite !<\/p>\n<\/div><\/div><div class=\"w-separator size_small\"><\/div><div class=\"wpb_text_column\"><div class=\"wpb_wrapper\"><p style=\"text-align: left;\"><img loading=\"lazy\" class=\"alignleft wp-image-8632\" src=\"https:\/\/renoa.be\/fr\/wp-content\/uploads\/2022\/03\/Batterie-domestique-panneau-solaire-300x169.jpg\" alt=\"\" width=\"550\" height=\"309\" srcset=\"https:\/\/renoa.be\/fr\/wp-content\/uploads\/2022\/03\/Batterie-domestique-panneau-solaire-300x169.jpg 300w, https:\/\/renoa.be\/fr\/wp-content\/uploads\/2022\/03\/Batterie-domestique-panneau-solaire-1024x576.jpg 1024w, https:\/\/renoa.be\/fr\/wp-content\/uploads\/2022\/03\/Batterie-domestique-panneau-solaire-400x225.jpg 400w, https:\/\/renoa.be\/fr\/wp-content\/uploads\/2022\/03\/Batterie-domestique-panneau-solaire-500x281.jpg 500w, https:\/\/renoa.be\/fr\/wp-content\/uploads\/2022\/03\/Batterie-domestique-panneau-solaire-800x450.jpg 800w, https:\/\/renoa.be\/fr\/wp-content\/uploads\/2022\/03\/Batterie-domestique-panneau-solaire.jpg 1280w\" sizes=\"(max-width: 550px) 100vw, 550px\" \/><\/p>\n<h4 style=\"text-align: center;\">Batterie domestique panneau solaire<\/h4>\n<p>Stocker l&#8217;\u00e9lectricit\u00e9 produite en surplus par vos panneaux photovolta\u00efques pour l&#8217;utiliser plus tard, voil\u00e0 une id\u00e9e qui vaut la peine d&#8217;\u00eatre \u00e9tudi\u00e9e<\/p>\n<p>Avec une batterie domestique, vous pouvez continuer \u00e0 utiliser votre propre \u00e9nergie solaire produite m\u00e9me le soir.<br \/>\nAu lieu de redonner le surplus de votre \u00e9nergie solaire produite au r\u00e9seau \u00e9lectrique, vous la stockez d\u00e9sormais vous-m\u00eame chez vous et utilise plus tard.<\/p>\n<\/div><\/div><div class=\"w-separator size_small\"><\/div><div class=\"wpb_text_column\"><div class=\"wpb_wrapper\"><p><img loading=\"lazy\" class=\"wp-image-8634 alignright\" src=\"https:\/\/renoa.be\/fr\/wp-content\/uploads\/2022\/03\/Chauffe-eau-solaires-300x200.jpg\" alt=\"\" width=\"550\" height=\"367\" srcset=\"https:\/\/renoa.be\/fr\/wp-content\/uploads\/2022\/03\/Chauffe-eau-solaires-300x200.jpg 300w, https:\/\/renoa.be\/fr\/wp-content\/uploads\/2022\/03\/Chauffe-eau-solaires-1024x683.jpg 1024w, https:\/\/renoa.be\/fr\/wp-content\/uploads\/2022\/03\/Chauffe-eau-solaires-1536x1025.jpg 1536w, https:\/\/renoa.be\/fr\/wp-content\/uploads\/2022\/03\/Chauffe-eau-solaires-400x267.jpg 400w, https:\/\/renoa.be\/fr\/wp-content\/uploads\/2022\/03\/Chauffe-eau-solaires-500x334.jpg 500w, https:\/\/renoa.be\/fr\/wp-content\/uploads\/2022\/03\/Chauffe-eau-solaires-800x534.jpg 800w, https:\/\/renoa.be\/fr\/wp-content\/uploads\/2022\/03\/Chauffe-eau-solaires-1280x854.jpg 1280w, https:\/\/renoa.be\/fr\/wp-content\/uploads\/2022\/03\/Chauffe-eau-solaires.jpg 1687w\" sizes=\"(max-width: 550px) 100vw, 550px\" \/><\/p>\n<h4 style=\"text-align: center;\">Chauffe-eau solaires<\/h4>\n<p style=\"text-align: left;\">La chauffe-eau est l&#8217;un des plus gros consommateurs d&#8217;\u00e9nergie de la maison.<br \/>\nNos chauffe-eau solaires vous aident \u00e0 \u00e9conomiser gr\u00e2ce \u00e0 l&#8217;\u00e9nergie solaire.<\/p>\n<\/div><\/div><\/div><\/div><\/div><\/div><\/section><section class=\"l-section wpb_row height_medium full_height valign_center color_secondary with_img parallax_ver with_shape\" id=\"contact\"><div class=\"l-section-img\" style=\"background-image: url(https:\/\/renoa.be\/fr\/wp-content\/uploads\/2022\/03\/Energie-Verte-Renoa-Solution.jpg);\" data-img-width=\"800\" data-img-height=\"450\"><\/div><div class=\"l-section-overlay\" style=\"background:rgba(0,0,0,0.65)\"><\/div><div class=\"l-section-shape type_triangle pos_bottom\" style=\"color:var(--color-footer-bg)\"><svg xmlns=\"http:\/\/www.w3.org\/2000\/svg\" viewBox=\"0 0 64 8\" preserveAspectRatio=\"none\" width=\"100%\" height=\"100%\">\r\n\t<path fill=\"currentColor\" d=\"M64 8 L0 8 L0 0 L32 7.9 L64 0 Z\"\/>\r\n<\/svg><\/div><div class=\"l-section-h i-cf\"><div class=\"g-cols vc_row via_grid cols_1 laptops-cols_inherit tablets-cols_inherit mobiles-cols_1 valign_top type_default\"><div class=\"wpb_column vc_column_container us_custom_60e9caca us_animate_this\"><div class=\"vc_column-inner\"><div class=\"wpb_text_column\"><div class=\"wpb_wrapper\"><h2 style=\"text-align: center;\"><span class=\"highlight highlight_primary\"><span style=\"color: #ffffff;\">Contactez<\/span> Nous<\/span><\/h2>\n<\/div><\/div><div class=\"w-separator size_medium\"><\/div><div class=\"g-cols wpb_row via_grid cols_2 laptops-cols_inherit tablets-cols_inherit mobiles-cols_1 valign_top type_default\"><div class=\"wpb_column vc_column_container us_custom_60e9caca us_animate_this\"><div class=\"vc_column-inner\"><div class=\"wpb_text_column\"><div class=\"wpb_wrapper\"><h4>Demandez conseil aupr\u00e8s de nos \u00e9quipes.<\/h4>\n<\/div><\/div><div class=\"w-separator size_large\"><\/div><div class=\"w-iconbox iconpos_left style_circle color_primary align_left no_text\"><div class=\"w-iconbox-icon\" style=\"font-size:1.2rem;\"><i class=\"far fa-phone\"><\/i><\/div><div class=\"w-iconbox-meta\"><h3 class=\"w-iconbox-title\">FR +32 470 97 88 48<\/h3><\/div><\/div><div class=\"w-separator size_small\"><\/div><div class=\"w-iconbox iconpos_left style_circle color_primary align_left no_text\"><div class=\"w-iconbox-icon\" style=\"font-size:1.2rem;\"><i class=\"far fa-phone\"><\/i><\/div><div class=\"w-iconbox-meta\"><h3 class=\"w-iconbox-title\">NL +32 470 45 53 12<\/h3><\/div><\/div><div class=\"w-separator size_small\"><\/div><div class=\"w-iconbox iconpos_left style_circle color_primary align_left no_text\"><div class=\"w-iconbox-icon\" style=\"font-size:1.2rem;\"><i class=\"far fa-envelope\"><\/i><\/div><div class=\"w-iconbox-meta\"><h3 class=\"w-iconbox-title\">info@renoa.be<\/h3><\/div><\/div><div class=\"w-separator size_small\"><\/div><div class=\"w-iconbox iconpos_left style_circle color_primary align_left no_text\"><div class=\"w-iconbox-icon\" style=\"font-size:1.2rem;\"><i class=\"far fa-gavel\"><\/i><\/div><div class=\"w-iconbox-meta\"><h4 class=\"w-iconbox-title\">BE 0779.355.309<\/h4><\/div><\/div><\/div><\/div><div class=\"wpb_column vc_column_container us_custom_60e9caca us_animate_this\"><div class=\"vc_column-inner\"><form class=\"w-form  layout_ver for_cform us_form_1\" autocomplete=\"off\" action=\"https:\/\/renoa.be\/fr\/fr\/wp-json\/wp\/v2\/pages\/8602\" method=\"post\"><div class=\"w-form-h\"><div class=\"w-form-row for_text with_icon cols_2\">\r\n\t\t<div class=\"w-form-row-field\">\r\n\t\t\t\t<i class=\"far fa-user\"><\/i>\t\t<input aria-label=\"Name\" type=\"text\" name=\"us_form_1_text_1\" value placeholder=\"Name\"\/>\r\n\t\t\t<\/div>\r\n\t\t<div class=\"w-form-row-state\">Fill out this field<\/div>\r\n<\/div>\r\n<div class=\"w-form-row for_text required with_icon cols_2\">\r\n\t\t<div class=\"w-form-row-field\">\r\n\t\t\t\t<i class=\"far fa-at\"><\/i>\t\t<input aria-label=\"Email\" type=\"text\" name=\"us_form_1_text_2\" value placeholder=\"Email *\" data-required=\"true\" aria-required=\"true\"\/>\r\n\t\t\t<\/div>\r\n\t\t<div class=\"w-form-row-state\">Fill out this field<\/div>\r\n<\/div>\r\n<div class=\"w-form-row for_text with_icon\">\r\n\t\t<div class=\"w-form-row-field\">\r\n\t\t\t\t<i class=\"fas fa-phone\"><\/i>\t\t<input aria-label=\"Tel\" type=\"text\" name=\"us_form_1_text_3\" value placeholder=\"Tel\"\/>\r\n\t\t\t<\/div>\r\n\t\t<div class=\"w-form-row-state\">Fill out this field<\/div>\r\n<\/div>\r\n<div class=\"w-form-row for_textarea required with_icon\">\r\n\t\t<div class=\"w-form-row-field\">\r\n\t\t\t\t<i class=\"far fa-pencil\"><\/i>\t\t<textarea aria-label=\"Message\" name=\"us_form_1_textarea_1\" placeholder=\"Message *\" data-required=\"true\" aria-required=\"true\"><\/textarea>\r\n\t\t\t<\/div>\r\n\t\t<div class=\"w-form-row-state\">Fill out this field<\/div>\r\n<\/div>\r\n<input type=\"hidden\" name=\"action\" value=\"us_ajax_cform\" \/>\r\n<input type=\"hidden\" name=\"post_id\" value=\"0\" \/>\r\n<input type=\"hidden\" name=\"form_index\" value=\"1\" \/>\r\n<div class=\"w-form-row for_submit align_none\">\r\n\t<div class=\"w-form-row-field\">\r\n\t\t<button class=\"w-btn  us-btn-style_1\" aria-label=\"Send Message\" type=\"submit\">\r\n\t\t\t<span class=\"g-preloader type_1\"><\/span>\r\n\t\t\t\t\t\t<span class=\"w-btn-label\">Send Message<\/span>\r\n\t\t\t\t\t<\/button>\r\n\t<\/div>\r\n<\/div>\r\n<\/div><div class=\"w-form-message\"><\/div><div class=\"w-form-json hidden\" onclick='return {&quot;ajaxurl&quot;:&quot;https:\\\/\\\/renoa.be\\\/fr\\\/wp-admin\\\/admin-ajax.php&quot;}'><\/div><\/form><\/div><\/div><\/div><\/div><\/div><\/div><\/div><\/section>\n","protected":false},"excerpt":{"rendered":"","protected":false},"author":1,"featured_media":0,"parent":0,"menu_order":0,"comment_status":"closed","ping_status":"closed","template":"","meta":{"_vp_format_video_url":"","_vp_image_focal_point":[]},"acf":[],"yoast_head":"<!-- This site is optimized with the Yoast SEO plugin v18.5.1 - https:\/\/yoast.com\/wordpress\/plugins\/seo\/ -->\n<title>\u00c9nergie verte - Renoa Entreprise G&eacute;n&eacute;rale du B&acirc;timent<\/title>\n<meta name=\"robots\" content=\"index, follow, max-snippet:-1, max-image-preview:large, max-video-preview:-1\" \/>\n<link rel=\"canonical\" href=\"https:\/\/renoa.be\/fr\/energie-verte\/\" \/>\n<meta property=\"og:locale\" content=\"en_US\" \/>\n<meta property=\"og:type\" content=\"article\" \/>\n<meta property=\"og:title\" content=\"\u00c9nergie verte - Renoa Entreprise G&eacute;n&eacute;rale du B&acirc;timent\" \/>\n<meta property=\"og:url\" content=\"https:\/\/renoa.be\/fr\/energie-verte\/\" \/>\n<meta property=\"og:site_name\" content=\"Renoa Entreprise G&eacute;n&eacute;rale du B&acirc;timent\" \/>\n<meta property=\"article:modified_time\" content=\"2022-03-30T16:29:34+00:00\" \/>\n<meta property=\"og:image\" content=\"http:\/\/renoa.be\/fr\/wp-content\/uploads\/2022\/03\/9-300x200.jpg\" \/>\n<meta name=\"twitter:card\" content=\"summary_large_image\" \/>\n<meta name=\"twitter:label1\" content=\"Est. reading time\" \/>\n\t<meta name=\"twitter:data1\" content=\"5 minutes\" \/>\n<script type=\"application\/ld+json\" class=\"yoast-schema-graph\">{\"@context\":\"https:\/\/schema.org\",\"@graph\":[{\"@type\":\"WebSite\",\"@id\":\"https:\/\/renoa.be\/fr\/#website\",\"url\":\"https:\/\/renoa.be\/fr\/\",\"name\":\"Renoa Entreprise G&eacute;n&eacute;rale du B&acirc;timent\",\"description\":\"Renoa est une entreprise de construction  sp&eacute;cialis&eacute;e dans la construction, la r&eacute;novation  et l'am&eacute;nagement d'immeubles et appartements\",\"potentialAction\":[{\"@type\":\"SearchAction\",\"target\":{\"@type\":\"EntryPoint\",\"urlTemplate\":\"https:\/\/renoa.be\/fr\/?s={search_term_string}\"},\"query-input\":\"required name=search_term_string\"}],\"inLanguage\":\"en\"},{\"@type\":\"ImageObject\",\"@id\":\"https:\/\/renoa.be\/fr\/energie-verte\/#primaryimage\",\"inLanguage\":\"en\",\"url\":\"http:\/\/renoa.be\/fr\/wp-content\/uploads\/2022\/03\/9-300x200.jpg\",\"contentUrl\":\"http:\/\/renoa.be\/fr\/wp-content\/uploads\/2022\/03\/9-300x200.jpg\"},{\"@type\":\"WebPage\",\"@id\":\"https:\/\/renoa.be\/fr\/energie-verte\/#webpage\",\"url\":\"https:\/\/renoa.be\/fr\/energie-verte\/\",\"name\":\"\u00c9nergie verte - Renoa Entreprise G&eacute;n&eacute;rale du B&acirc;timent\",\"isPartOf\":{\"@id\":\"https:\/\/renoa.be\/fr\/#website\"},\"primaryImageOfPage\":{\"@id\":\"https:\/\/renoa.be\/fr\/energie-verte\/#primaryimage\"},\"datePublished\":\"2022-03-23T20:00:04+00:00\",\"dateModified\":\"2022-03-30T16:29:34+00:00\",\"breadcrumb\":{\"@id\":\"https:\/\/renoa.be\/fr\/energie-verte\/#breadcrumb\"},\"inLanguage\":\"en\",\"potentialAction\":[{\"@type\":\"ReadAction\",\"target\":[\"https:\/\/renoa.be\/fr\/energie-verte\/\"]}]},{\"@type\":\"BreadcrumbList\",\"@id\":\"https:\/\/renoa.be\/fr\/energie-verte\/#breadcrumb\",\"itemListElement\":[{\"@type\":\"ListItem\",\"position\":1,\"name\":\"Home\",\"item\":\"https:\/\/renoa.be\/fr\/\"},{\"@type\":\"ListItem\",\"position\":2,\"name\":\"\u00c9nergie verte\"}]}]}<\/script>\n<!-- \/ Yoast SEO plugin. -->","yoast_head_json":{"title":"\u00c9nergie verte - Renoa Entreprise G&eacute;n&eacute;rale du B&acirc;timent","robots":{"index":"index","follow":"follow","max-snippet":"max-snippet:-1","max-image-preview":"max-image-preview:large","max-video-preview":"max-video-preview:-1"},"canonical":"https:\/\/renoa.be\/fr\/energie-verte\/","og_locale":"en_US","og_type":"article","og_title":"\u00c9nergie verte - Renoa Entreprise G&eacute;n&eacute;rale du B&acirc;timent","og_url":"https:\/\/renoa.be\/fr\/energie-verte\/","og_site_name":"Renoa Entreprise G&eacute;n&eacute;rale du B&acirc;timent","article_modified_time":"2022-03-30T16:29:34+00:00","og_image":[{"url":"http:\/\/renoa.be\/fr\/wp-content\/uploads\/2022\/03\/9-300x200.jpg"}],"twitter_card":"summary_large_image","twitter_misc":{"Est. reading time":"5 minutes"},"schema":{"@context":"https:\/\/schema.org","@graph":[{"@type":"WebSite","@id":"https:\/\/renoa.be\/fr\/#website","url":"https:\/\/renoa.be\/fr\/","name":"Renoa Entreprise G&eacute;n&eacute;rale du B&acirc;timent","description":"Renoa est une entreprise de construction  sp&eacute;cialis&eacute;e dans la construction, la r&eacute;novation  et l'am&eacute;nagement d'immeubles et appartements","potentialAction":[{"@type":"SearchAction","target":{"@type":"EntryPoint","urlTemplate":"https:\/\/renoa.be\/fr\/?s={search_term_string}"},"query-input":"required name=search_term_string"}],"inLanguage":"en"},{"@type":"ImageObject","@id":"https:\/\/renoa.be\/fr\/energie-verte\/#primaryimage","inLanguage":"en","url":"http:\/\/renoa.be\/fr\/wp-content\/uploads\/2022\/03\/9-300x200.jpg","contentUrl":"http:\/\/renoa.be\/fr\/wp-content\/uploads\/2022\/03\/9-300x200.jpg"},{"@type":"WebPage","@id":"https:\/\/renoa.be\/fr\/energie-verte\/#webpage","url":"https:\/\/renoa.be\/fr\/energie-verte\/","name":"\u00c9nergie verte - Renoa Entreprise G&eacute;n&eacute;rale du B&acirc;timent","isPartOf":{"@id":"https:\/\/renoa.be\/fr\/#website"},"primaryImageOfPage":{"@id":"https:\/\/renoa.be\/fr\/energie-verte\/#primaryimage"},"datePublished":"2022-03-23T20:00:04+00:00","dateModified":"2022-03-30T16:29:34+00:00","breadcrumb":{"@id":"https:\/\/renoa.be\/fr\/energie-verte\/#breadcrumb"},"inLanguage":"en","potentialAction":[{"@type":"ReadAction","target":["https:\/\/renoa.be\/fr\/energie-verte\/"]}]},{"@type":"BreadcrumbList","@id":"https:\/\/renoa.be\/fr\/energie-verte\/#breadcrumb","itemListElement":[{"@type":"ListItem","position":1,"name":"Home","item":"https:\/\/renoa.be\/fr\/"},{"@type":"ListItem","position":2,"name":"\u00c9nergie verte"}]}]}},"_links":{"self":[{"href":"https:\/\/renoa.be\/fr\/wp-json\/wp\/v2\/pages\/8602"}],"collection":[{"href":"https:\/\/renoa.be\/fr\/wp-json\/wp\/v2\/pages"}],"about":[{"href":"https:\/\/renoa.be\/fr\/wp-json\/wp\/v2\/types\/page"}],"author":[{"embeddable":true,"href":"https:\/\/renoa.be\/fr\/wp-json\/wp\/v2\/users\/1"}],"replies":[{"embeddable":true,"href":"https:\/\/renoa.be\/fr\/wp-json\/wp\/v2\/comments?post=8602"}],"version-history":[{"count":32,"href":"https:\/\/renoa.be\/fr\/wp-json\/wp\/v2\/pages\/8602\/revisions"}],"predecessor-version":[{"id":8654,"href":"https:\/\/renoa.be\/fr\/wp-json\/wp\/v2\/pages\/8602\/revisions\/8654"}],"wp:attachment":[{"href":"https:\/\/renoa.be\/fr\/wp-json\/wp\/v2\/media?parent=8602"}],"curies":[{"name":"wp","href":"https:\/\/api.w.org\/{rel}","templated":true}]}}